{"id":97,"date":"2021-01-06T00:28:26","date_gmt":"2021-01-05T23:28:26","guid":{"rendered":"http:\/\/idelosan.com\/?page_id=97"},"modified":"2021-01-07T00:35:41","modified_gmt":"2021-01-06T23:35:41","slug":"la-decision-de-luigi","status":"publish","type":"page","link":"https:\/\/idelosan.com\/?page_id=97","title":{"rendered":"La decisi\u00f3n de Luigi"},"content":{"rendered":"\n<div class=\"wp-block-image\"><figure class=\"aligncenter size-large\"><img loading=\"lazy\" decoding=\"async\" width=\"560\" height=\"429\" src=\"https:\/\/idelosan.com\/wp-content\/uploads\/2021\/01\/luigi.png\" alt=\"\" class=\"wp-image-135\" srcset=\"https:\/\/idelosan.com\/wp-content\/uploads\/2021\/01\/luigi.png 560w, https:\/\/idelosan.com\/wp-content\/uploads\/2021\/01\/luigi-300x230.png 300w\" sizes=\"auto, (max-width: 560px) 100vw, 560px\" \/><\/figure><\/div>\n\n\n\n<p>Ya desde aquella reuni\u00f3n, la cabeza de Luigi no dejaba de dar vueltas. El grupo en el que se hab\u00eda integrado como uno m\u00e1s desde hac\u00eda casi un a\u00f1o, planeaba aniquilar al grupo que hab\u00eda formado parte de su vida durante los cinco a\u00f1os anteriores.<\/p>\n\n\n\n<p>Luigi nunca se par\u00f3 a pensar en las presiones psicol\u00f3gicas a las que se enfrentar\u00eda siendo un polic\u00eda infiltrado; se lanz\u00f3 a la piscina sin preguntarse qu\u00e9 hab\u00eda debajo. Nunca dud\u00f3 de su sentido de la justicia, de su concepto del bien y el mal, de su total determinaci\u00f3n a la hora de enfrentarse a la mafia que asolaba su querida ciudad. Pero desde que empez\u00f3 a ganarse la confianza de Fabio Puzo y su familia y esbirros, el italiano, sin darse cuenta, comenz\u00f3 a sentirse como nunca lo hab\u00eda hecho antes. Se sent\u00eda querido, arropado, integrado en un grupo de gente que le apreciaba de verdad y que confiaba en \u00e9l. Ganaba mucho dinero y viv\u00eda con gran lujo, y las tareas sucias que se le encomendaban, principalmente en forma de extorsiones, le hac\u00edan sentirse m\u00e1s plet\u00f3rico, poderoso, que culpable.<\/p>\n\n\n\n<p>Por otra parte, en ning\u00fan momento a lo largo de ese excitante a\u00f1o le hab\u00eda fallado a sus colegas de la polic\u00eda: les hab\u00eda estado pasando informaci\u00f3n acerca de su progreso desde entonces, desensibilizado, como quien fabrica la primera bomba at\u00f3mica de la historia no viendo (o no queriendo ver) cu\u00e1les son las consecuencias futuras de lo que, por deber, est\u00e1 haciendo. Los meses fueron pasando ambiguos, inciertos, las emociones de Luigi eran un torrente de confusi\u00f3n dividido entre sus viejos amigos de la polic\u00eda, y su nueva familia mafiosa en la que tan a gusto se sent\u00eda.<\/p>\n\n\n\n<p>Aquella fat\u00eddica reuni\u00f3n fue un mazazo en la cabeza de Luigi, un punto de inflexi\u00f3n que le invitar\u00eda a replantearse su vida. En ella, el propio Fabio Puzo en persona se dirigi\u00f3 a todos sus hijos, hermanos, y otras personas de confianza de la familia que llevaban mucho tiempo a su servicio, entre las cuales Luigi era el m\u00e1s nuevo de todos. En total confidencialidad, el gran capo inform\u00f3 de que estaba al tanto de cu\u00e1les eran los polic\u00edas asignados a investigarle por sus actividades. Seg\u00fan revel\u00f3 all\u00ed mismo, para consternaci\u00f3n de Luigi, estaba al tanto de cada aspecto de la rutina diaria de todos ellos; pose\u00eda una informaci\u00f3n tan completa, que el polic\u00eda infiltrado no pod\u00eda evitar sentir un escalofr\u00edo al pensarlo. La misi\u00f3n era clara: ten\u00edan que buscar y aniquilar a todos los polic\u00edas que le segu\u00edan los pasos, simult\u00e1neamente y de la forma m\u00e1s llamativa posible, para enviar un mensaje de terror a cualquiera que en un futuro se planteara ir a por \u00e9l. Y Luigi era uno de sus \u00e1ngeles de la muerte.<\/p>\n\n\n\n<p>Su hasta ahora tan c\u00f3modo y despreocupado camino, se divid\u00eda en dos direcciones radicalmente opuestas: la polic\u00eda, con sus sueldos precarios, escasa seguridad, viejos amigos, en el lado correcto pero aburrido de la ley; o la mafia, con sus generosos ingresos, protecci\u00f3n del capo, nuevos amigos, en lado incorrecto pero estimulante de la ley.<\/p>\n\n\n\n<p>El coraz\u00f3n tiraba de \u00e9l con fuerza hacia los Puzo, que ya eran pr\u00e1cticamente su segunda familia, pero la cabeza le urg\u00eda revelarse como lo que era y salvar la vida a sus compa\u00f1eros polic\u00edas. \u00bfPor qu\u00e9 le eligi\u00f3 a \u00e9l para esa misi\u00f3n? No dejaba de pregunt\u00e1rselo, ya que Luigi hasta el momento s\u00f3lo hab\u00eda trabajado para el capo en asuntos menores, nada de asesinatos, y mucho menos a polic\u00edas. \u00bfUna forma de asegurarse de la fidelidad del nuevo a la familia? \u00bfY si era todo una trampa porque, de hecho, ya descubrieron su aut\u00e9ntica identidad?<\/p>\n\n\n\n<p>No ten\u00eda tiempo de poner en orden sus sentimientos, de pensar en fr\u00edo y aclarar sus planes de futuro. Cuando se quiso dar cuenta, Luigi estaba ya subido en un Mercedes negro dentro del garaje de la mansi\u00f3n Puzo, acompa\u00f1ado por nada m\u00e1s y nada menos que los dos hijos mayores de Fabio, y uno de los esbirros de la familia con los que hab\u00eda cogido m\u00e1s confianza: el ch\u00f3fer Steffano.<\/p>\n\n\n\n<p>Se mir\u00f3 el reloj: eran ya las nueve y deber\u00eda haber enviado su informe diario a Amadeo, su colega del departamento de polic\u00eda, en quince minutos\u2026 pero los Puzo ten\u00edan otros planes para \u00e9l; sirvi\u00e9ndose de peque\u00f1as ametralladoras UZI, los tres pasajeros del coche le acribillar\u00edan con una lluvia de balas. Un r\u00e1pido barrido mortal se suceder\u00eda cuando Steffano condujera, lentamente, justo por delante de la terraza del bar donde Amadeo almorzaba siempre al aire libre, junto a un par de colegas tambi\u00e9n involucrados en el caso Puzo.<\/p>\n\n\n\n<p>Apenas media hora m\u00e1s tarde, el Mercedes negro se encontraba de nuevo en el garaje de la mansi\u00f3n Puzo. La misi\u00f3n hab\u00eda sido todo un \u00e9xito. Los tres polic\u00edas, que en ning\u00fan momento de dieron cuenta de lo que estaba pasando, fueron brutalmente asesinados por m\u00e1s de cien balas provenientes de tres ametralladoras, una de los cuales era manejada con pericia por Luigi. Sus tres compa\u00f1eros, ya a salvo en el garaje, estallaron en celebraciones. El plan hab\u00eda salido maravillosamente, y adem\u00e1s la fidelidad del que llegaron a considerar posible agente infiltrado, quedaba m\u00e1s que demostrada para ellos. Sonrientes y exaltados en sus asientos, no se dieron cuenta de que el rostro de Luigi era sombr\u00edo. Y lo que fue peor para ellos, no se dieron cuenta de que le hab\u00eda quitado de nuevo el seguro a su ametralladora. Steffano, a su lado, fue el primero que se dio cuenta de que algo iba mal y pretendi\u00f3 alcanzar su UZI, pero no le dio tiempo a reaccionar antes de que sus sesos salpicaran la ventanilla. Luigi entonces se gir\u00f3 en su asiento y barri\u00f3 en un solo movimiento todo el habit\u00e1culo trasero, dejando dos cad\u00e1veres con una est\u00fapida sonrisa congelada en su cara.<\/p>\n\n\n\n<p>El coche acab\u00f3 salpicado de sangre hasta los topes. El polic\u00eda infiltrado, con una expresi\u00f3n ausente en su cara, recarg\u00f3 su arma vac\u00eda, y adem\u00e1s cogi\u00f3 la que a\u00fan sosten\u00eda el cad\u00e1ver del ch\u00f3fer, con el cargador a\u00fan lleno.<\/p>\n\n\n\n<p>Empu\u00f1ando una UZI en cada mano, Luigi irrumpi\u00f3 en la planta baja de la mansi\u00f3n Puzo. Sin que nadie pudiera esper\u00e1rselo, el otrora esbirro de confianza atac\u00f3 a los que antes eran sus compa\u00f1eros y aniquil\u00f3 a todos ellos sin que tuvieran siquiera tiempo a reaccionar. Con la ventaja del factor sorpresa, no le fue dif\u00edcil llegar hasta la segunda planta ya con nuevas armas cogidas a los ca\u00eddos. Con ellas, acribill\u00f3 a la guardia personal de Fabio Puzo, que se esperaban cualquier cosa menos un ataque de su compa\u00f1ero, y abri\u00f3 de una patada el despacho del capo. \u00c9ste, que se encontraba sentado en su mesa, se le qued\u00f3 mirando desafiante, atisb\u00e1ndose un profundo desprecio en sus viejos y crueles ojos. Por un momento el rostro inexpresivo de Luigi mud\u00f3 por las sensaciones de miedo y culpa, pero eso no impidi\u00f3 que le colara una bala entre ceja y ceja, mir\u00e1ndole fijamente. A\u00fan muerto, Fabio parec\u00eda ser capaz de amedrentar con una sola de sus miradas, pero la mente de Luigi estaba demasiado trastornada como para que eso le impactara.<\/p>\n\n\n\n<p>M\u00e1s de veinte cuerpos ensangrentados adornaban la mansi\u00f3n Puzo en sus dos ostentosas plantas. Luigi pase\u00f3 absorto entre todos ellos, bajando lentamente las escaleras centrales, y decidi\u00f3 sentarse en el primer escal\u00f3n a fumar un cigarrillo. Con la mirada fija en la entrada de la mansi\u00f3n, se limit\u00f3 a esperar, y centr\u00f3 su aletargada mente en imaginarse qu\u00e9 pasar\u00eda por la cabeza del primero que pasara a trav\u00e9s de esas puertas y viera el panorama. Luigi no estaba muy seguro acerca de qu\u00e9 oscuro futuro le esperaba a partir de ese momento, o de qu\u00e9 recursos se podr\u00eda servir para rehacer una vida que en realidad siempre estuvo rota. El hombre, dominado a\u00fan por los sentimientos de duelo por la destrucci\u00f3n de los dos mundos entre los que se estuvo moviendo a lo largo del \u00faltimo a\u00f1o, con sus dos identidades radicalmente separadas, s\u00f3lo tuvo clara una cosa:<\/p>\n\n\n\n<p>\u201cO los dos, o ninguno\u201d.<\/p>\n","protected":false},"excerpt":{"rendered":"<p>Ya desde aquella reuni\u00f3n, la cabeza de Luigi no dejaba de dar vueltas. El grupo en el que se hab\u00eda<\/p>\n<p><a href=\"https:\/\/idelosan.com\/?page_id=97\" class=\"more-link\">Seguir leyendo<span class=\"screen-reader-text\">La decisi\u00f3n de Luigi<\/span><\/a><\/p>\n","protected":false},"author":1,"featured_media":0,"parent":0,"menu_order":0,"comment_status":"open","ping_status":"closed","template":"","meta":{"footnotes":""},"class_list":["post-97","page","type-page","status-publish","hentry"],"yoast_head":"<!-- This site is optimized with the Yoast SEO plugin v25.1 - https:\/\/yoast.com\/wordpress\/plugins\/seo\/ -->\n<title>La decisi\u00f3n de Luigi - Iv\u00e1n de los \u00c1ngeles<\/title>\n<meta name=\"robots\" content=\"index, follow, max-snippet:-1, max-image-preview:large, max-video-preview:-1\" \/>\n<link rel=\"canonical\" href=\"https:\/\/idelosan.com\/?page_id=97\" \/>\n<meta property=\"og:locale\" content=\"es_ES\" \/>\n<meta property=\"og:type\" content=\"article\" \/>\n<meta property=\"og:title\" content=\"La decisi\u00f3n de Luigi - Iv\u00e1n de los \u00c1ngeles\" \/>\n<meta property=\"og:description\" content=\"Ya desde aquella reuni\u00f3n, la cabeza de Luigi no dejaba de dar vueltas. El grupo en el que se hab\u00edaSeguir leyendoLa decisi\u00f3n de Luigi\" \/>\n<meta property=\"og:url\" content=\"https:\/\/idelosan.com\/?page_id=97\" \/>\n<meta property=\"og:site_name\" content=\"Iv\u00e1n de los \u00c1ngeles\" \/>\n<meta property=\"article:publisher\" content=\"https:\/\/www.facebook.com\/Idelosanescritor\/\" \/>\n<meta property=\"article:modified_time\" content=\"2021-01-06T23:35:41+00:00\" \/>\n<meta property=\"og:image\" content=\"https:\/\/idelosan.com\/wp-content\/uploads\/2021\/01\/luigi.png\" \/>\n<meta name=\"twitter:card\" content=\"summary_large_image\" \/>\n<meta name=\"twitter:label1\" content=\"Tiempo de lectura\" \/>\n\t<meta name=\"twitter:data1\" content=\"7 minutos\" \/>\n<script type=\"application\/ld+json\" class=\"yoast-schema-graph\">{\"@context\":\"https:\/\/schema.org\",\"@graph\":[{\"@type\":\"WebPage\",\"@id\":\"https:\/\/idelosan.com\/?page_id=97\",\"url\":\"https:\/\/idelosan.com\/?page_id=97\",\"name\":\"La decisi\u00f3n de Luigi - Iv\u00e1n de los \u00c1ngeles\",\"isPartOf\":{\"@id\":\"https:\/\/idelosan.com\/#website\"},\"primaryImageOfPage\":{\"@id\":\"https:\/\/idelosan.com\/?page_id=97#primaryimage\"},\"image\":{\"@id\":\"https:\/\/idelosan.com\/?page_id=97#primaryimage\"},\"thumbnailUrl\":\"https:\/\/idelosan.com\/wp-content\/uploads\/2021\/01\/luigi.png\",\"datePublished\":\"2021-01-05T23:28:26+00:00\",\"dateModified\":\"2021-01-06T23:35:41+00:00\",\"breadcrumb\":{\"@id\":\"https:\/\/idelosan.com\/?page_id=97#breadcrumb\"},\"inLanguage\":\"es\",\"potentialAction\":[{\"@type\":\"ReadAction\",\"target\":[\"https:\/\/idelosan.com\/?page_id=97\"]}]},{\"@type\":\"ImageObject\",\"inLanguage\":\"es\",\"@id\":\"https:\/\/idelosan.com\/?page_id=97#primaryimage\",\"url\":\"https:\/\/idelosan.com\/wp-content\/uploads\/2021\/01\/luigi.png\",\"contentUrl\":\"https:\/\/idelosan.com\/wp-content\/uploads\/2021\/01\/luigi.png\",\"width\":560,\"height\":429},{\"@type\":\"BreadcrumbList\",\"@id\":\"https:\/\/idelosan.com\/?page_id=97#breadcrumb\",\"itemListElement\":[{\"@type\":\"ListItem\",\"position\":1,\"name\":\"Portada\",\"item\":\"https:\/\/idelosan.com\/\"},{\"@type\":\"ListItem\",\"position\":2,\"name\":\"La decisi\u00f3n de Luigi\"}]},{\"@type\":\"WebSite\",\"@id\":\"https:\/\/idelosan.com\/#website\",\"url\":\"https:\/\/idelosan.com\/\",\"name\":\"Iv\u00e1n de los \u00c1ngeles\",\"description\":\"Literatura de choque; thriller, romance, terror y fantas\u00eda\",\"publisher\":{\"@id\":\"https:\/\/idelosan.com\/#\/schema\/person\/a31effc0ec3a561cc65b2e3a7531d304\"},\"potentialAction\":[{\"@type\":\"SearchAction\",\"target\":{\"@type\":\"EntryPoint\",\"urlTemplate\":\"https:\/\/idelosan.com\/?s={search_term_string}\"},\"query-input\":{\"@type\":\"PropertyValueSpecification\",\"valueRequired\":true,\"valueName\":\"search_term_string\"}}],\"inLanguage\":\"es\"},{\"@type\":[\"Person\",\"Organization\"],\"@id\":\"https:\/\/idelosan.com\/#\/schema\/person\/a31effc0ec3a561cc65b2e3a7531d304\",\"name\":\"Idelosan\",\"image\":{\"@type\":\"ImageObject\",\"inLanguage\":\"es\",\"@id\":\"https:\/\/idelosan.com\/#\/schema\/person\/image\/\",\"url\":\"http:\/\/idelosan.com\/wp-content\/uploads\/2022\/03\/perfil-ESCRITOR-con-logo-transp-png-1-e1649415838775.png\",\"contentUrl\":\"http:\/\/idelosan.com\/wp-content\/uploads\/2022\/03\/perfil-ESCRITOR-con-logo-transp-png-1-e1649415838775.png\",\"width\":250,\"height\":250,\"caption\":\"Idelosan\"},\"logo\":{\"@id\":\"https:\/\/idelosan.com\/#\/schema\/person\/image\/\"},\"description\":\"Soy Iv\u00e1n de los \u00c1ngeles Company, de acr\u00f3nimo Idelosan, y aspiro a impactar al mundo con mis historias de acci\u00f3n, romance, terror o fantas\u00eda. \\\"Literatura de choque\\\" es el eslogan que me define.\",\"sameAs\":[\"http:\/\/idelosan.com\",\"https:\/\/www.facebook.com\/Idelosanescritor\/\",\"https:\/\/www.instagram.com\/idelosan\"]}]}<\/script>\n<!-- \/ Yoast SEO plugin. -->","yoast_head_json":{"title":"La decisi\u00f3n de Luigi - Iv\u00e1n de los \u00c1ngeles","robots":{"index":"index","follow":"follow","max-snippet":"max-snippet:-1","max-image-preview":"max-image-preview:large","max-video-preview":"max-video-preview:-1"},"canonical":"https:\/\/idelosan.com\/?page_id=97","og_locale":"es_ES","og_type":"article","og_title":"La decisi\u00f3n de Luigi - Iv\u00e1n de los \u00c1ngeles","og_description":"Ya desde aquella reuni\u00f3n, la cabeza de Luigi no dejaba de dar vueltas. El grupo en el que se hab\u00edaSeguir leyendoLa decisi\u00f3n de Luigi","og_url":"https:\/\/idelosan.com\/?page_id=97","og_site_name":"Iv\u00e1n de los \u00c1ngeles","article_publisher":"https:\/\/www.facebook.com\/Idelosanescritor\/","article_modified_time":"2021-01-06T23:35:41+00:00","og_image":[{"url":"https:\/\/idelosan.com\/wp-content\/uploads\/2021\/01\/luigi.png","type":"","width":"","height":""}],"twitter_card":"summary_large_image","twitter_misc":{"Tiempo de lectura":"7 minutos"},"schema":{"@context":"https:\/\/schema.org","@graph":[{"@type":"WebPage","@id":"https:\/\/idelosan.com\/?page_id=97","url":"https:\/\/idelosan.com\/?page_id=97","name":"La decisi\u00f3n de Luigi - Iv\u00e1n de los \u00c1ngeles","isPartOf":{"@id":"https:\/\/idelosan.com\/#website"},"primaryImageOfPage":{"@id":"https:\/\/idelosan.com\/?page_id=97#primaryimage"},"image":{"@id":"https:\/\/idelosan.com\/?page_id=97#primaryimage"},"thumbnailUrl":"https:\/\/idelosan.com\/wp-content\/uploads\/2021\/01\/luigi.png","datePublished":"2021-01-05T23:28:26+00:00","dateModified":"2021-01-06T23:35:41+00:00","breadcrumb":{"@id":"https:\/\/idelosan.com\/?page_id=97#breadcrumb"},"inLanguage":"es","potentialAction":[{"@type":"ReadAction","target":["https:\/\/idelosan.com\/?page_id=97"]}]},{"@type":"ImageObject","inLanguage":"es","@id":"https:\/\/idelosan.com\/?page_id=97#primaryimage","url":"https:\/\/idelosan.com\/wp-content\/uploads\/2021\/01\/luigi.png","contentUrl":"https:\/\/idelosan.com\/wp-content\/uploads\/2021\/01\/luigi.png","width":560,"height":429},{"@type":"BreadcrumbList","@id":"https:\/\/idelosan.com\/?page_id=97#breadcrumb","itemListElement":[{"@type":"ListItem","position":1,"name":"Portada","item":"https:\/\/idelosan.com\/"},{"@type":"ListItem","position":2,"name":"La decisi\u00f3n de Luigi"}]},{"@type":"WebSite","@id":"https:\/\/idelosan.com\/#website","url":"https:\/\/idelosan.com\/","name":"Iv\u00e1n de los \u00c1ngeles","description":"Literatura de choque; thriller, romance, terror y fantas\u00eda","publisher":{"@id":"https:\/\/idelosan.com\/#\/schema\/person\/a31effc0ec3a561cc65b2e3a7531d304"},"potentialAction":[{"@type":"SearchAction","target":{"@type":"EntryPoint","urlTemplate":"https:\/\/idelosan.com\/?s={search_term_string}"},"query-input":{"@type":"PropertyValueSpecification","valueRequired":true,"valueName":"search_term_string"}}],"inLanguage":"es"},{"@type":["Person","Organization"],"@id":"https:\/\/idelosan.com\/#\/schema\/person\/a31effc0ec3a561cc65b2e3a7531d304","name":"Idelosan","image":{"@type":"ImageObject","inLanguage":"es","@id":"https:\/\/idelosan.com\/#\/schema\/person\/image\/","url":"http:\/\/idelosan.com\/wp-content\/uploads\/2022\/03\/perfil-ESCRITOR-con-logo-transp-png-1-e1649415838775.png","contentUrl":"http:\/\/idelosan.com\/wp-content\/uploads\/2022\/03\/perfil-ESCRITOR-con-logo-transp-png-1-e1649415838775.png","width":250,"height":250,"caption":"Idelosan"},"logo":{"@id":"https:\/\/idelosan.com\/#\/schema\/person\/image\/"},"description":"Soy Iv\u00e1n de los \u00c1ngeles Company, de acr\u00f3nimo Idelosan, y aspiro a impactar al mundo con mis historias de acci\u00f3n, romance, terror o fantas\u00eda. \"Literatura de choque\" es el eslogan que me define.","sameAs":["http:\/\/idelosan.com","https:\/\/www.facebook.com\/Idelosanescritor\/","https:\/\/www.instagram.com\/idelosan"]}]}},"_links":{"self":[{"href":"https:\/\/idelosan.com\/index.php?rest_route=\/wp\/v2\/pages\/97","targetHints":{"allow":["GET"]}}],"collection":[{"href":"https:\/\/idelosan.com\/index.php?rest_route=\/wp\/v2\/pages"}],"about":[{"href":"https:\/\/idelosan.com\/index.php?rest_route=\/wp\/v2\/types\/page"}],"author":[{"embeddable":true,"href":"https:\/\/idelosan.com\/index.php?rest_route=\/wp\/v2\/users\/1"}],"replies":[{"embeddable":true,"href":"https:\/\/idelosan.com\/index.php?rest_route=%2Fwp%2Fv2%2Fcomments&post=97"}],"version-history":[{"count":2,"href":"https:\/\/idelosan.com\/index.php?rest_route=\/wp\/v2\/pages\/97\/revisions"}],"predecessor-version":[{"id":136,"href":"https:\/\/idelosan.com\/index.php?rest_route=\/wp\/v2\/pages\/97\/revisions\/136"}],"wp:attachment":[{"href":"https:\/\/idelosan.com\/index.php?rest_route=%2Fwp%2Fv2%2Fmedia&parent=97"}],"curies":[{"name":"wp","href":"https:\/\/api.w.org\/{rel}","templated":true}]}}