{"id":64,"date":"2021-01-05T23:18:27","date_gmt":"2021-01-05T22:18:27","guid":{"rendered":"http:\/\/idelosan.com\/?page_id=64"},"modified":"2024-12-17T00:02:27","modified_gmt":"2024-12-16T23:02:27","slug":"novelas","status":"publish","type":"page","link":"https:\/\/idelosan.com\/?page_id=64","title":{"rendered":"Libros"},"content":{"rendered":"\n<p><strong>Puedes comprar mis libros en cat\u00e1logo <a href=\"https:\/\/www.amazon.es\/kindle-dbs\/entity\/author\/B09WX7WR8B?_encoding=UTF8&amp;node=599364031&amp;offset=0&amp;pageSize=12&amp;searchAlias=stripbooks&amp;sort=author-sidecar-rank&amp;page=1&amp;langFilter=default&amp;linkCode=ll2&amp;tag=ivan07f2-21&amp;linkId=54ad7b237b98069ed8d3eafa45633f79&amp;language=es_ES&amp;ref_=as_li_ss_tl\" target=\"_blank\" rel=\"noreferrer noopener\">desde mi tienda en Amazon<\/a><\/strong><\/p>\n\n\n\n<div class=\"wp-block-media-text alignwide is-stacked-on-mobile\" style=\"grid-template-columns:32% auto\"><figure class=\"wp-block-media-text__media\"><img loading=\"lazy\" decoding=\"async\" width=\"663\" height=\"1024\" src=\"http:\/\/idelosan.com\/wp-content\/uploads\/2024\/12\/El_Secreto_De_Axadyne_Portada_Final_eBook-663x1024.jpg\" alt=\"\" class=\"wp-image-783 size-full\" srcset=\"https:\/\/idelosan.com\/wp-content\/uploads\/2024\/12\/El_Secreto_De_Axadyne_Portada_Final_eBook-663x1024.jpg 663w, https:\/\/idelosan.com\/wp-content\/uploads\/2024\/12\/El_Secreto_De_Axadyne_Portada_Final_eBook-194x300.jpg 194w, https:\/\/idelosan.com\/wp-content\/uploads\/2024\/12\/El_Secreto_De_Axadyne_Portada_Final_eBook-768x1186.jpg 768w, https:\/\/idelosan.com\/wp-content\/uploads\/2024\/12\/El_Secreto_De_Axadyne_Portada_Final_eBook-995x1536.jpg 995w, https:\/\/idelosan.com\/wp-content\/uploads\/2024\/12\/El_Secreto_De_Axadyne_Portada_Final_eBook-1326x2048.jpg 1326w, https:\/\/idelosan.com\/wp-content\/uploads\/2024\/12\/El_Secreto_De_Axadyne_Portada_Final_eBook-scaled.jpg 1658w\" sizes=\"auto, (max-width: 663px) 100vw, 663px\" \/><\/figure><div class=\"wp-block-media-text__content\">\n<p>A\u00f1o 2246. En un mundo en posguerra intergal\u00e1ctica, tres dispares mercenarios intentan ganarse la vida a bordo de su nave en los m\u00faltiples planetas conquistados por el ser humano.<\/p>\n\n\n\n<p>Jason, Fred y Natasha saben que el peligro es parte de su negocio. Pero cuando deciden atender una inquietante llamada de socorro en su descanso, ni siquiera ellos est\u00e1n listos para lo que viene. \u00bfQui\u00e9n es esa mujer que les reclama? \u00bfSer\u00e1 cierto que es v\u00edctima de terribles experimentos?<\/p>\n\n\n\n<p>Y sobre todo\u2026 \u00bfles vale la pena enfrentarse a Axadyne, la corporaci\u00f3n multiplanetaria m\u00e1s poderosa del universo, solo por ella?<\/p>\n\n\n\n<p>(<a href=\"https:\/\/relinks.me\/B0DNX2MKDL\">Seguir leyendo<\/a>).<\/p>\n<\/div><\/div>\n\n\n\n<p><\/p>\n\n\n\n<div class=\"wp-block-media-text alignwide is-stacked-on-mobile\" style=\"grid-template-columns:32% auto\"><figure class=\"wp-block-media-text__media\"><img loading=\"lazy\" decoding=\"async\" width=\"684\" height=\"1024\" src=\"https:\/\/idelosan.com\/wp-content\/uploads\/2024\/01\/Portada-Legado-Oscuro-web-centered-684x1024.jpg\" alt=\"\" class=\"wp-image-762 size-full\" srcset=\"https:\/\/idelosan.com\/wp-content\/uploads\/2024\/01\/Portada-Legado-Oscuro-web-centered-684x1024.jpg 684w, https:\/\/idelosan.com\/wp-content\/uploads\/2024\/01\/Portada-Legado-Oscuro-web-centered-200x300.jpg 200w, https:\/\/idelosan.com\/wp-content\/uploads\/2024\/01\/Portada-Legado-Oscuro-web-centered-768x1150.jpg 768w, https:\/\/idelosan.com\/wp-content\/uploads\/2024\/01\/Portada-Legado-Oscuro-web-centered-1025x1536.jpg 1025w, https:\/\/idelosan.com\/wp-content\/uploads\/2024\/01\/Portada-Legado-Oscuro-web-centered-1367x2048.jpg 1367w, https:\/\/idelosan.com\/wp-content\/uploads\/2024\/01\/Portada-Legado-Oscuro-web-centered-scaled.jpg 1709w\" sizes=\"auto, (max-width: 684px) 100vw, 684px\" \/><\/figure><div class=\"wp-block-media-text__content\">\n<p>Esteban Ferrero recibe una noticia que le cambia la vida: Es el \u00fanico heredero de su t\u00edo paterno, al que apenas pudo conocer.<\/p>\n\n\n\n<p>Su mayor patrimonio es el proyecto de un centro comercial en el pueblo de Sotorneces (Madrid), a mil kil\u00f3metros de distancia. Una oportunidad con la que siempre hab\u00eda so\u00f1ado.<\/p>\n\n\n\n<p>Ni su trabajo fijo en Francia, ni las reticencias de su mujer, ni siquiera la macabra carta que le advierte de que el lugar est\u00e1 maldito. Nada impedir\u00e1 que viaje al caser\u00f3n donde su t\u00edo pas\u00f3 sus \u00faltimos d\u00edas y as\u00ed pueda continuar con su legado.<\/p>\n\n\n\n<p>Pronto descubrir\u00e1 su terrible error. (<a href=\"https:\/\/relinks.me\/B0CP8PLV12\">Seguir leyendo<\/a>)<\/p>\n<\/div><\/div>\n\n\n\n<p><\/p>\n\n\n\n<div class=\"wp-block-media-text alignwide is-stacked-on-mobile\" style=\"grid-template-columns:32% auto\"><figure class=\"wp-block-media-text__media\"><img loading=\"lazy\" decoding=\"async\" width=\"667\" height=\"1024\" src=\"https:\/\/idelosan.com\/wp-content\/uploads\/2024\/01\/book-cover-SMALL-front-Relatos-de-Terror-667x1024.jpg\" alt=\"\" class=\"wp-image-763 size-full\" srcset=\"https:\/\/idelosan.com\/wp-content\/uploads\/2024\/01\/book-cover-SMALL-front-Relatos-de-Terror-667x1024.jpg 667w, https:\/\/idelosan.com\/wp-content\/uploads\/2024\/01\/book-cover-SMALL-front-Relatos-de-Terror-195x300.jpg 195w, https:\/\/idelosan.com\/wp-content\/uploads\/2024\/01\/book-cover-SMALL-front-Relatos-de-Terror-768x1180.jpg 768w, https:\/\/idelosan.com\/wp-content\/uploads\/2024\/01\/book-cover-SMALL-front-Relatos-de-Terror.jpg 933w\" sizes=\"auto, (max-width: 667px) 100vw, 667px\" \/><\/figure><div class=\"wp-block-media-text__content\">\n<p>Este libro es un homenaje al terror paranormal, caracterizado por girar alrededor de fen\u00f3menos inexplicables que se atribuyen a fuerzas sobrenaturales.<\/p>\n\n\n\n<p>En este volumen vas a disfrutar de cuatro historias independientes que reflejan algunos de los m\u00e1s caracter\u00edsticos elementos del terror paranormal: la persecuci\u00f3n, el equ\u00edvoco, la venganza y la imprudencia.<\/p>\n\n\n\n<p>Tras la buena recepci\u00f3n de Relatos Z (tambi\u00e9n disponible en Amazon) llega este nuevo volumen de literatura de choque lleno de nuevas historias que te pondr\u00e1n los pelos de punta. (<a href=\"https:\/\/relinks.me\/B0CLVLW8BG\">Seguir leyendo<\/a>)<\/p>\n<\/div><\/div>\n\n\n\n<p><\/p>\n\n\n\n<div class=\"wp-block-media-text alignwide is-stacked-on-mobile\" style=\"grid-template-columns:32% auto\"><figure class=\"wp-block-media-text__media\"><img loading=\"lazy\" decoding=\"async\" width=\"686\" height=\"1024\" src=\"http:\/\/idelosan.com\/wp-content\/uploads\/2022\/03\/PORTADA-FRONT-jpg-686x1024.jpg\" alt=\"\" class=\"wp-image-514 size-full\" srcset=\"https:\/\/idelosan.com\/wp-content\/uploads\/2022\/03\/PORTADA-FRONT-jpg-686x1024.jpg 686w, https:\/\/idelosan.com\/wp-content\/uploads\/2022\/03\/PORTADA-FRONT-jpg-201x300.jpg 201w, https:\/\/idelosan.com\/wp-content\/uploads\/2022\/03\/PORTADA-FRONT-jpg-768x1147.jpg 768w, https:\/\/idelosan.com\/wp-content\/uploads\/2022\/03\/PORTADA-FRONT-jpg-1029x1536.jpg 1029w, https:\/\/idelosan.com\/wp-content\/uploads\/2022\/03\/PORTADA-FRONT-jpg-1371x2048.jpg 1371w, https:\/\/idelosan.com\/wp-content\/uploads\/2022\/03\/PORTADA-FRONT-jpg-scaled.jpg 1714w\" sizes=\"auto, (max-width: 686px) 100vw, 686px\" \/><\/figure><div class=\"wp-block-media-text__content\">\n<p>En una Tierra futura invadida por los muertos vivientes, un ap\u00e1tico operario es expulsado de la \u00faltima ciudad segura del planeta por verse implicado accidentalmente en violentas protestas contra el Gobierno. <br><br>Inteligencias Artificiales de anta\u00f1o, grupos anarquistas y man\u00edacos aspirantes al poder absoluto son solo algunas de las piezas de un tablero controlado por las inconmensurables hordas de zombis que vagan por el mundo, haciendo suyo el planeta y convirti\u00e9ndolo en la Tierra de los muertos. <a href=\"https:\/\/idelosan.com\/?page_id=111\">(Seguir leyendo)<\/a><\/p>\n<\/div><\/div>\n\n\n\n<p><\/p>\n\n\n\n<div class=\"wp-block-media-text alignwide is-stacked-on-mobile\" style=\"grid-template-columns:32% auto\"><figure class=\"wp-block-media-text__media\"><img loading=\"lazy\" decoding=\"async\" width=\"659\" height=\"1024\" src=\"https:\/\/idelosan.com\/wp-content\/uploads\/2022\/12\/book-cover-front-659x1024.jpg\" alt=\"\" class=\"wp-image-686 size-full\" srcset=\"https:\/\/idelosan.com\/wp-content\/uploads\/2022\/12\/book-cover-front-659x1024.jpg 659w, https:\/\/idelosan.com\/wp-content\/uploads\/2022\/12\/book-cover-front-193x300.jpg 193w, https:\/\/idelosan.com\/wp-content\/uploads\/2022\/12\/book-cover-front-768x1194.jpg 768w, https:\/\/idelosan.com\/wp-content\/uploads\/2022\/12\/book-cover-front-988x1536.jpg 988w, https:\/\/idelosan.com\/wp-content\/uploads\/2022\/12\/book-cover-front-1317x2048.jpg 1317w, https:\/\/idelosan.com\/wp-content\/uploads\/2022\/12\/book-cover-front.jpg 1555w\" sizes=\"auto, (max-width: 659px) 100vw, 659px\" \/><\/figure><div class=\"wp-block-media-text__content\">\n<p>\u00abRelatos Z\u00bb es m\u00e1s que una recopilaci\u00f3n de relatos sobre zombis.<\/p>\n\n\n\n<p>A trav\u00e9s de sus p\u00e1ginas disfrutar\u00e1s de tres intensas historias independientes que reflejan las fases que comportar\u00edan una invasi\u00f3n global de estas siniestras criaturas: la ca\u00edda de la civilizaci\u00f3n, la supervivencia extrema, y la construcci\u00f3n de una nueva sociedad.<\/p>\n\n\n\n<p>Si disfrutas del g\u00e9nero zombi, este libro est\u00e1 hecho a tu medida. \u00bfTe atreves a descubrirlo? <a href=\"https:\/\/www.amazon.es\/dp\/B09WW18F5G?&amp;linkCode=ll1&amp;tag=ivan07f2-21&amp;linkId=598e6121b04c1929b1a32a23cb4d18d5&amp;language=es_ES&amp;ref_=as_li_ss_tl\" target=\"_blank\" rel=\"noreferrer noopener\">(Seguir leyendo)<\/a><\/p>\n<\/div><\/div>\n\n\n\n<p><\/p>\n\n\n\n<p>       <\/p>\n\n\n\n<p><\/p>\n\n\n\n<p><\/p>\n\n\n\n<h2 class=\"wp-block-heading\"><strong>Libros antiguos <em>(descatalogados)<\/em><\/strong><\/h2>\n\n\n\n<p>              <\/p>\n\n\n\n<div class=\"wp-block-media-text alignwide is-stacked-on-mobile\" style=\"grid-template-columns:33% auto\"><figure class=\"wp-block-media-text__media\"><img loading=\"lazy\" decoding=\"async\" width=\"723\" height=\"1024\" src=\"http:\/\/idelosan.com\/wp-content\/uploads\/2021\/01\/MCPORTADA-723x1024.png\" alt=\"\" class=\"wp-image-180 size-full\" srcset=\"https:\/\/idelosan.com\/wp-content\/uploads\/2021\/01\/MCPORTADA-723x1024.png 723w, https:\/\/idelosan.com\/wp-content\/uploads\/2021\/01\/MCPORTADA-212x300.png 212w, https:\/\/idelosan.com\/wp-content\/uploads\/2021\/01\/MCPORTADA-768x1087.png 768w, https:\/\/idelosan.com\/wp-content\/uploads\/2021\/01\/MCPORTADA-1085x1536.png 1085w, https:\/\/idelosan.com\/wp-content\/uploads\/2021\/01\/MCPORTADA-1446x2048.png 1446w, https:\/\/idelosan.com\/wp-content\/uploads\/2021\/01\/MCPORTADA.png 2008w\" sizes=\"auto, (max-width: 723px) 100vw, 723px\" \/><\/figure><div class=\"wp-block-media-text__content\">\n<p>Corr\u00edan malos tiempos para el reino de Dermecia. Su viejo rey, Duren fue justo y equitativo en una \u00e9poca pasada, pero tiempo atr\u00e1s fue sucedido por un joven an\u00f3nimo, envuelto en misterio y que result\u00f3 ser un cruel tirano. Jumal y Tatts, dos j\u00f3venes amigos entrenados como guerreros drag\u00f3n en su patria, se vieron forzados a huir cuando su monarca pretendi\u00f3 obligarles a servir de siniestros caballeros oscuros, al igual que la totalidad de su noble milicia. Esa aparatosa hu\u00edda, que tan sencilla parec\u00eda en un principio, conducir\u00e1 a los dos compa\u00f1eros a vivir una aut\u00e9ntica odisea&#8230; <a href=\"https:\/\/idelosan.com\/?page_id=115\">(Seguir leyendo)<\/a><\/p>\n<\/div><\/div>\n\n\n\n<div class=\"wp-block-media-text alignwide is-stacked-on-mobile\" style=\"grid-template-columns:33% auto\"><figure class=\"wp-block-media-text__media\"><img loading=\"lazy\" decoding=\"async\" width=\"696\" height=\"1024\" src=\"http:\/\/idelosan.com\/wp-content\/uploads\/2021\/01\/PORTADA-edited-696x1024.png\" alt=\"\" class=\"wp-image-181 size-full\" srcset=\"https:\/\/idelosan.com\/wp-content\/uploads\/2021\/01\/PORTADA-edited-696x1024.png 696w, https:\/\/idelosan.com\/wp-content\/uploads\/2021\/01\/PORTADA-edited-204x300.png 204w, https:\/\/idelosan.com\/wp-content\/uploads\/2021\/01\/PORTADA-edited-768x1129.png 768w, https:\/\/idelosan.com\/wp-content\/uploads\/2021\/01\/PORTADA-edited-1044x1536.png 1044w, https:\/\/idelosan.com\/wp-content\/uploads\/2021\/01\/PORTADA-edited-1393x2048.png 1393w, https:\/\/idelosan.com\/wp-content\/uploads\/2021\/01\/PORTADA-edited.png 2008w\" sizes=\"auto, (max-width: 696px) 100vw, 696px\" \/><\/figure><div class=\"wp-block-media-text__content\">\n<p>Fantasmas, asesinos, alien\u00edgenas, demonios, monstruos, magia negra\u2026 diez historias de terror que re\u00fanen todas las variantes de este popular g\u00e9nero, reunidas para aparecerse en tus pesadillas. Atr\u00e9vete a adentrarte en las profundidades de lo insondable, a romper el sello maldito del miedo y abrir las puertas a lo paranormal\u2026 <a href=\"https:\/\/idelosan.com\/?page_id=113\">(Seguir leyendo)<\/a><\/p>\n<\/div><\/div>\n\n\n\n<div class=\"wp-block-media-text alignwide is-stacked-on-mobile\" style=\"grid-template-columns:32% auto\"><figure class=\"wp-block-media-text__media\"><img loading=\"lazy\" decoding=\"async\" width=\"732\" height=\"1024\" src=\"http:\/\/idelosan.com\/wp-content\/uploads\/2021\/01\/coverEcosPRINTFRIENDLY-732x1024.png\" alt=\"\" class=\"wp-image-149 size-full\" srcset=\"https:\/\/idelosan.com\/wp-content\/uploads\/2021\/01\/coverEcosPRINTFRIENDLY-732x1024.png 732w, https:\/\/idelosan.com\/wp-content\/uploads\/2021\/01\/coverEcosPRINTFRIENDLY-215x300.png 215w, https:\/\/idelosan.com\/wp-content\/uploads\/2021\/01\/coverEcosPRINTFRIENDLY-768x1074.png 768w, https:\/\/idelosan.com\/wp-content\/uploads\/2021\/01\/coverEcosPRINTFRIENDLY-1098x1536.png 1098w, https:\/\/idelosan.com\/wp-content\/uploads\/2021\/01\/coverEcosPRINTFRIENDLY-1465x2048.png 1465w\" sizes=\"auto, (max-width: 732px) 100vw, 732px\" \/><\/figure><div class=\"wp-block-media-text__content\">\n<p>En Aklas, la situaci\u00f3n no puede ser m\u00e1s convulsa despu\u00e9s de que el propio \u00d3nix asesine al m\u00e1ximo aspirante a la presidencia del gobierno de cara a las pr\u00f3ximas elecciones generales de la megaciudad. Poco a poco, nuestro protagonista descubrir\u00e1 c\u00f3mo no ha sido m\u00e1s que un mero pe\u00f3n en una compleja trama global urdida desde las m\u00e1s altas esferas del poder para hacerse con el monopolio mundial de la energ\u00eda. \u00d3nix, amenazado de muerte, se ver\u00e1 obligado a refugiarse bajo las alas de la organizaci\u00f3n clandestina Paloma Roja, emprendiendo una huida que le cambiar\u00e1 para siempre. <br><a href=\"https:\/\/idelosan.com\/?page_id=108\">(Seguir leyendo)<\/a><\/p>\n<\/div><\/div>\n\n\n\n<div style=\"height:57px\" aria-hidden=\"true\" class=\"wp-block-spacer\"><\/div>\n","protected":false},"excerpt":{"rendered":"<p>Puedes comprar mis libros en cat\u00e1logo desde mi tienda en Amazon A\u00f1o 2246. En un mundo en posguerra intergal\u00e1ctica, tres<\/p>\n<p><a href=\"https:\/\/idelosan.com\/?page_id=64\" class=\"more-link\">Seguir leyendo<span class=\"screen-reader-text\">Libros<\/span><\/a><\/p>\n","protected":false},"author":1,"featured_media":0,"parent":0,"menu_order":0,"comment_status":"closed","ping_status":"closed","template":"","meta":{"footnotes":""},"class_list":["post-64","page","type-page","status-publish","hentry"],"yoast_head":"<!-- This site is optimized with the Yoast SEO plugin v25.1 - https:\/\/yoast.com\/wordpress\/plugins\/seo\/ -->\n<title>Libros - Iv\u00e1n de los \u00c1ngeles<\/title>\n<meta name=\"robots\" content=\"index, follow, max-snippet:-1, max-image-preview:large, max-video-preview:-1\" \/>\n<link rel=\"canonical\" href=\"https:\/\/idelosan.com\/?page_id=64\" \/>\n<meta property=\"og:locale\" content=\"es_ES\" \/>\n<meta property=\"og:type\" content=\"article\" \/>\n<meta property=\"og:title\" content=\"Libros - Iv\u00e1n de los \u00c1ngeles\" \/>\n<meta property=\"og:description\" content=\"Puedes comprar mis libros en cat\u00e1logo desde mi tienda en Amazon A\u00f1o 2246. En un mundo en posguerra intergal\u00e1ctica, tresSeguir leyendoLibros\" \/>\n<meta property=\"og:url\" content=\"https:\/\/idelosan.com\/?page_id=64\" \/>\n<meta property=\"og:site_name\" content=\"Iv\u00e1n de los \u00c1ngeles\" \/>\n<meta property=\"article:publisher\" content=\"https:\/\/www.facebook.com\/Idelosanescritor\/\" \/>\n<meta property=\"article:modified_time\" content=\"2024-12-16T23:02:27+00:00\" \/>\n<meta property=\"og:image\" content=\"https:\/\/idelosan.com\/wp-content\/uploads\/2024\/12\/El_Secreto_De_Axadyne_Portada_Final_eBook-scaled.jpg\" \/>\n\t<meta property=\"og:image:width\" content=\"1658\" \/>\n\t<meta property=\"og:image:height\" content=\"2560\" \/>\n\t<meta property=\"og:image:type\" content=\"image\/jpeg\" \/>\n<meta name=\"twitter:card\" content=\"summary_large_image\" \/>\n<meta name=\"twitter:label1\" content=\"Tiempo de lectura\" \/>\n\t<meta name=\"twitter:data1\" content=\"5 minutos\" \/>\n<script type=\"application\/ld+json\" class=\"yoast-schema-graph\">{\"@context\":\"https:\/\/schema.org\",\"@graph\":[{\"@type\":\"WebPage\",\"@id\":\"https:\/\/idelosan.com\/?page_id=64\",\"url\":\"https:\/\/idelosan.com\/?page_id=64\",\"name\":\"Libros - Iv\u00e1n de los \u00c1ngeles\",\"isPartOf\":{\"@id\":\"https:\/\/idelosan.com\/#website\"},\"primaryImageOfPage\":{\"@id\":\"https:\/\/idelosan.com\/?page_id=64#primaryimage\"},\"image\":{\"@id\":\"https:\/\/idelosan.com\/?page_id=64#primaryimage\"},\"thumbnailUrl\":\"http:\/\/idelosan.com\/wp-content\/uploads\/2024\/12\/El_Secreto_De_Axadyne_Portada_Final_eBook-663x1024.jpg\",\"datePublished\":\"2021-01-05T22:18:27+00:00\",\"dateModified\":\"2024-12-16T23:02:27+00:00\",\"breadcrumb\":{\"@id\":\"https:\/\/idelosan.com\/?page_id=64#breadcrumb\"},\"inLanguage\":\"es\",\"potentialAction\":[{\"@type\":\"ReadAction\",\"target\":[\"https:\/\/idelosan.com\/?page_id=64\"]}]},{\"@type\":\"ImageObject\",\"inLanguage\":\"es\",\"@id\":\"https:\/\/idelosan.com\/?page_id=64#primaryimage\",\"url\":\"https:\/\/idelosan.com\/wp-content\/uploads\/2024\/12\/El_Secreto_De_Axadyne_Portada_Final_eBook-scaled.jpg\",\"contentUrl\":\"https:\/\/idelosan.com\/wp-content\/uploads\/2024\/12\/El_Secreto_De_Axadyne_Portada_Final_eBook-scaled.jpg\",\"width\":1658,\"height\":2560},{\"@type\":\"BreadcrumbList\",\"@id\":\"https:\/\/idelosan.com\/?page_id=64#breadcrumb\",\"itemListElement\":[{\"@type\":\"ListItem\",\"position\":1,\"name\":\"Portada\",\"item\":\"https:\/\/idelosan.com\/\"},{\"@type\":\"ListItem\",\"position\":2,\"name\":\"Libros\"}]},{\"@type\":\"WebSite\",\"@id\":\"https:\/\/idelosan.com\/#website\",\"url\":\"https:\/\/idelosan.com\/\",\"name\":\"Iv\u00e1n de los \u00c1ngeles\",\"description\":\"Literatura de choque; thriller, romance, terror y fantas\u00eda\",\"publisher\":{\"@id\":\"https:\/\/idelosan.com\/#\/schema\/person\/a31effc0ec3a561cc65b2e3a7531d304\"},\"potentialAction\":[{\"@type\":\"SearchAction\",\"target\":{\"@type\":\"EntryPoint\",\"urlTemplate\":\"https:\/\/idelosan.com\/?s={search_term_string}\"},\"query-input\":{\"@type\":\"PropertyValueSpecification\",\"valueRequired\":true,\"valueName\":\"search_term_string\"}}],\"inLanguage\":\"es\"},{\"@type\":[\"Person\",\"Organization\"],\"@id\":\"https:\/\/idelosan.com\/#\/schema\/person\/a31effc0ec3a561cc65b2e3a7531d304\",\"name\":\"Idelosan\",\"image\":{\"@type\":\"ImageObject\",\"inLanguage\":\"es\",\"@id\":\"https:\/\/idelosan.com\/#\/schema\/person\/image\/\",\"url\":\"http:\/\/idelosan.com\/wp-content\/uploads\/2022\/03\/perfil-ESCRITOR-con-logo-transp-png-1-e1649415838775.png\",\"contentUrl\":\"http:\/\/idelosan.com\/wp-content\/uploads\/2022\/03\/perfil-ESCRITOR-con-logo-transp-png-1-e1649415838775.png\",\"width\":250,\"height\":250,\"caption\":\"Idelosan\"},\"logo\":{\"@id\":\"https:\/\/idelosan.com\/#\/schema\/person\/image\/\"},\"description\":\"Soy Iv\u00e1n de los \u00c1ngeles Company, de acr\u00f3nimo Idelosan, y aspiro a impactar al mundo con mis historias de acci\u00f3n, romance, terror o fantas\u00eda. \\\"Literatura de choque\\\" es el eslogan que me define.\",\"sameAs\":[\"http:\/\/idelosan.com\",\"https:\/\/www.facebook.com\/Idelosanescritor\/\",\"https:\/\/www.instagram.com\/idelosan\"]}]}<\/script>\n<!-- \/ Yoast SEO plugin. -->","yoast_head_json":{"title":"Libros - Iv\u00e1n de los \u00c1ngeles","robots":{"index":"index","follow":"follow","max-snippet":"max-snippet:-1","max-image-preview":"max-image-preview:large","max-video-preview":"max-video-preview:-1"},"canonical":"https:\/\/idelosan.com\/?page_id=64","og_locale":"es_ES","og_type":"article","og_title":"Libros - Iv\u00e1n de los \u00c1ngeles","og_description":"Puedes comprar mis libros en cat\u00e1logo desde mi tienda en Amazon A\u00f1o 2246. En un mundo en posguerra intergal\u00e1ctica, tresSeguir leyendoLibros","og_url":"https:\/\/idelosan.com\/?page_id=64","og_site_name":"Iv\u00e1n de los \u00c1ngeles","article_publisher":"https:\/\/www.facebook.com\/Idelosanescritor\/","article_modified_time":"2024-12-16T23:02:27+00:00","og_image":[{"width":1658,"height":2560,"url":"https:\/\/idelosan.com\/wp-content\/uploads\/2024\/12\/El_Secreto_De_Axadyne_Portada_Final_eBook-scaled.jpg","type":"image\/jpeg"}],"twitter_card":"summary_large_image","twitter_misc":{"Tiempo de lectura":"5 minutos"},"schema":{"@context":"https:\/\/schema.org","@graph":[{"@type":"WebPage","@id":"https:\/\/idelosan.com\/?page_id=64","url":"https:\/\/idelosan.com\/?page_id=64","name":"Libros - Iv\u00e1n de los \u00c1ngeles","isPartOf":{"@id":"https:\/\/idelosan.com\/#website"},"primaryImageOfPage":{"@id":"https:\/\/idelosan.com\/?page_id=64#primaryimage"},"image":{"@id":"https:\/\/idelosan.com\/?page_id=64#primaryimage"},"thumbnailUrl":"http:\/\/idelosan.com\/wp-content\/uploads\/2024\/12\/El_Secreto_De_Axadyne_Portada_Final_eBook-663x1024.jpg","datePublished":"2021-01-05T22:18:27+00:00","dateModified":"2024-12-16T23:02:27+00:00","breadcrumb":{"@id":"https:\/\/idelosan.com\/?page_id=64#breadcrumb"},"inLanguage":"es","potentialAction":[{"@type":"ReadAction","target":["https:\/\/idelosan.com\/?page_id=64"]}]},{"@type":"ImageObject","inLanguage":"es","@id":"https:\/\/idelosan.com\/?page_id=64#primaryimage","url":"https:\/\/idelosan.com\/wp-content\/uploads\/2024\/12\/El_Secreto_De_Axadyne_Portada_Final_eBook-scaled.jpg","contentUrl":"https:\/\/idelosan.com\/wp-content\/uploads\/2024\/12\/El_Secreto_De_Axadyne_Portada_Final_eBook-scaled.jpg","width":1658,"height":2560},{"@type":"BreadcrumbList","@id":"https:\/\/idelosan.com\/?page_id=64#breadcrumb","itemListElement":[{"@type":"ListItem","position":1,"name":"Portada","item":"https:\/\/idelosan.com\/"},{"@type":"ListItem","position":2,"name":"Libros"}]},{"@type":"WebSite","@id":"https:\/\/idelosan.com\/#website","url":"https:\/\/idelosan.com\/","name":"Iv\u00e1n de los \u00c1ngeles","description":"Literatura de choque; thriller, romance, terror y fantas\u00eda","publisher":{"@id":"https:\/\/idelosan.com\/#\/schema\/person\/a31effc0ec3a561cc65b2e3a7531d304"},"potentialAction":[{"@type":"SearchAction","target":{"@type":"EntryPoint","urlTemplate":"https:\/\/idelosan.com\/?s={search_term_string}"},"query-input":{"@type":"PropertyValueSpecification","valueRequired":true,"valueName":"search_term_string"}}],"inLanguage":"es"},{"@type":["Person","Organization"],"@id":"https:\/\/idelosan.com\/#\/schema\/person\/a31effc0ec3a561cc65b2e3a7531d304","name":"Idelosan","image":{"@type":"ImageObject","inLanguage":"es","@id":"https:\/\/idelosan.com\/#\/schema\/person\/image\/","url":"http:\/\/idelosan.com\/wp-content\/uploads\/2022\/03\/perfil-ESCRITOR-con-logo-transp-png-1-e1649415838775.png","contentUrl":"http:\/\/idelosan.com\/wp-content\/uploads\/2022\/03\/perfil-ESCRITOR-con-logo-transp-png-1-e1649415838775.png","width":250,"height":250,"caption":"Idelosan"},"logo":{"@id":"https:\/\/idelosan.com\/#\/schema\/person\/image\/"},"description":"Soy Iv\u00e1n de los \u00c1ngeles Company, de acr\u00f3nimo Idelosan, y aspiro a impactar al mundo con mis historias de acci\u00f3n, romance, terror o fantas\u00eda. \"Literatura de choque\" es el eslogan que me define.","sameAs":["http:\/\/idelosan.com","https:\/\/www.facebook.com\/Idelosanescritor\/","https:\/\/www.instagram.com\/idelosan"]}]}},"_links":{"self":[{"href":"https:\/\/idelosan.com\/index.php?rest_route=\/wp\/v2\/pages\/64","targetHints":{"allow":["GET"]}}],"collection":[{"href":"https:\/\/idelosan.com\/index.php?rest_route=\/wp\/v2\/pages"}],"about":[{"href":"https:\/\/idelosan.com\/index.php?rest_route=\/wp\/v2\/types\/page"}],"author":[{"embeddable":true,"href":"https:\/\/idelosan.com\/index.php?rest_route=\/wp\/v2\/users\/1"}],"replies":[{"embeddable":true,"href":"https:\/\/idelosan.com\/index.php?rest_route=%2Fwp%2Fv2%2Fcomments&post=64"}],"version-history":[{"count":23,"href":"https:\/\/idelosan.com\/index.php?rest_route=\/wp\/v2\/pages\/64\/revisions"}],"predecessor-version":[{"id":784,"href":"https:\/\/idelosan.com\/index.php?rest_route=\/wp\/v2\/pages\/64\/revisions\/784"}],"wp:attachment":[{"href":"https:\/\/idelosan.com\/index.php?rest_route=%2Fwp%2Fv2%2Fmedia&parent=64"}],"curies":[{"name":"wp","href":"https:\/\/api.w.org\/{rel}","templated":true}]}}