{"id":57,"date":"2021-01-04T00:48:39","date_gmt":"2021-01-03T23:48:39","guid":{"rendered":"http:\/\/idelosan.com\/?page_id=57"},"modified":"2024-01-13T15:17:26","modified_gmt":"2024-01-13T14:17:26","slug":"agradecimientos","status":"publish","type":"page","link":"https:\/\/idelosan.com\/?page_id=57","title":{"rendered":"Recursos"},"content":{"rendered":"\n<h3 class=\"wp-block-heading\">P\u00e1ginas amigas<\/h3>\n\n\n\n<p>P\u00e1ginas de aquell@s que de alguna manera han colaborado con mis proyectos<\/p>\n\n\n\n<ul class=\"wp-block-list\">\n<li><a href=\"http:\/\/azelhighwind.blogspot.com\/\">Jaume Moreso<\/a>, escritor y corrector.<\/li>\n\n\n\n<li><a href=\"https:\/\/www.artstation.com\/alvarosanjuan\">\u00c1lvaro San Juan<\/a>, ilustrador y dise\u00f1ador 3D.<\/li>\n\n\n\n<li><a href=\"https:\/\/www.instagram.com\/mikis_arts\/\">Miguel \u00c1ngel Mu\u00f1oz<\/a>, ilustrador. <\/li>\n<\/ul>\n\n\n\n<h3 class=\"wp-block-heading\">Formaci\u00f3n en escritura<\/h3>\n\n\n\n<p>Enlaces a algunos servicios que me han ayudado o me ayudan en mi formaci\u00f3n como escritor<\/p>\n\n\n\n<ul class=\"wp-block-list\">\n<li><a href=\"https:\/\/www.bibliocafe.es\/\">Bibliocaf\u00e9<\/a>, libros y talleres de escritura creativa. <\/li>\n\n\n\n<li><a href=\"https:\/\/claratiscar.com\/cursos-de-escritura\/\">Clara Tiscar<\/a>, formadora de escritores.<\/li>\n\n\n\n<li><a href=\"https:\/\/www.scribook.com\/\" data-type=\"URL\" data-id=\"https:\/\/www.scribook.com\/\">Scribook<\/a>, mentor\u00edas, cursos y talleres de escritura creativa.<\/li>\n<\/ul>\n\n\n\n<h3 class=\"wp-block-heading\">Otros recursos<\/h3>\n\n\n\n<ul class=\"wp-block-list\">\n<li>Iconos sociales dise\u00f1ados por <a href=\"https:\/\/www.flaticon.es\/autores\/freepik\">Freepik<\/a> y <a href=\"https:\/\/www.flaticon.es\/autores\/pixel-perfect\">Pixel perfect<\/a>.<\/li>\n\n\n\n<li>Fondo de p\u00e1gina por <a href=\"https:\/\/unsplash.com\/@jeremythomasphoto\">Jeremy Thomas<\/a> en Unsplash.<\/li>\n<\/ul>\n\n\n\n<p><\/p>\n\n\n\n<p><a href=\"https:\/\/idelosan.com\/?page_id=3\">Pol\u00edtica de privacidad<\/a><\/p>\n","protected":false},"excerpt":{"rendered":"<p>P\u00e1ginas amigas P\u00e1ginas de aquell@s que de alguna manera han colaborado con mis proyectos Formaci\u00f3n en escritura Enlaces a algunos<\/p>\n<p><a href=\"https:\/\/idelosan.com\/?page_id=57\" class=\"more-link\">Seguir leyendo<span class=\"screen-reader-text\">Recursos<\/span><\/a><\/p>\n","protected":false},"author":1,"featured_media":0,"parent":0,"menu_order":0,"comment_status":"closed","ping_status":"closed","template":"","meta":{"footnotes":""},"class_list":["post-57","page","type-page","status-publish","hentry"],"yoast_head":"<!-- This site is optimized with the Yoast SEO plugin v25.1 - https:\/\/yoast.com\/wordpress\/plugins\/seo\/ -->\n<title>Recursos - Iv\u00e1n de los \u00c1ngeles<\/title>\n<meta name=\"robots\" content=\"index, follow, max-snippet:-1, max-image-preview:large, max-video-preview:-1\" \/>\n<link rel=\"canonical\" href=\"https:\/\/idelosan.com\/?page_id=57\" \/>\n<meta property=\"og:locale\" content=\"es_ES\" \/>\n<meta property=\"og:type\" content=\"article\" \/>\n<meta property=\"og:title\" content=\"Recursos - Iv\u00e1n de los \u00c1ngeles\" \/>\n<meta property=\"og:description\" content=\"P\u00e1ginas amigas P\u00e1ginas de aquell@s que de alguna manera han colaborado con mis proyectos Formaci\u00f3n en escritura Enlaces a algunosSeguir leyendoRecursos\" \/>\n<meta property=\"og:url\" content=\"https:\/\/idelosan.com\/?page_id=57\" \/>\n<meta property=\"og:site_name\" content=\"Iv\u00e1n de los \u00c1ngeles\" \/>\n<meta property=\"article:publisher\" content=\"https:\/\/www.facebook.com\/Idelosanescritor\/\" \/>\n<meta property=\"article:modified_time\" content=\"2024-01-13T14:17:26+00:00\" \/>\n<meta name=\"twitter:card\" content=\"summary_large_image\" \/>\n<meta name=\"twitter:label1\" content=\"Tiempo de lectura\" \/>\n\t<meta name=\"twitter:data1\" content=\"1 minuto\" \/>\n<script type=\"application\/ld+json\" class=\"yoast-schema-graph\">{\"@context\":\"https:\/\/schema.org\",\"@graph\":[{\"@type\":\"WebPage\",\"@id\":\"https:\/\/idelosan.com\/?page_id=57\",\"url\":\"https:\/\/idelosan.com\/?page_id=57\",\"name\":\"Recursos - Iv\u00e1n de los \u00c1ngeles\",\"isPartOf\":{\"@id\":\"https:\/\/idelosan.com\/#website\"},\"datePublished\":\"2021-01-03T23:48:39+00:00\",\"dateModified\":\"2024-01-13T14:17:26+00:00\",\"breadcrumb\":{\"@id\":\"https:\/\/idelosan.com\/?page_id=57#breadcrumb\"},\"inLanguage\":\"es\",\"potentialAction\":[{\"@type\":\"ReadAction\",\"target\":[\"https:\/\/idelosan.com\/?page_id=57\"]}]},{\"@type\":\"BreadcrumbList\",\"@id\":\"https:\/\/idelosan.com\/?page_id=57#breadcrumb\",\"itemListElement\":[{\"@type\":\"ListItem\",\"position\":1,\"name\":\"Portada\",\"item\":\"https:\/\/idelosan.com\/\"},{\"@type\":\"ListItem\",\"position\":2,\"name\":\"Recursos\"}]},{\"@type\":\"WebSite\",\"@id\":\"https:\/\/idelosan.com\/#website\",\"url\":\"https:\/\/idelosan.com\/\",\"name\":\"Iv\u00e1n de los \u00c1ngeles\",\"description\":\"Literatura de choque; thriller, romance, terror y fantas\u00eda\",\"publisher\":{\"@id\":\"https:\/\/idelosan.com\/#\/schema\/person\/a31effc0ec3a561cc65b2e3a7531d304\"},\"potentialAction\":[{\"@type\":\"SearchAction\",\"target\":{\"@type\":\"EntryPoint\",\"urlTemplate\":\"https:\/\/idelosan.com\/?s={search_term_string}\"},\"query-input\":{\"@type\":\"PropertyValueSpecification\",\"valueRequired\":true,\"valueName\":\"search_term_string\"}}],\"inLanguage\":\"es\"},{\"@type\":[\"Person\",\"Organization\"],\"@id\":\"https:\/\/idelosan.com\/#\/schema\/person\/a31effc0ec3a561cc65b2e3a7531d304\",\"name\":\"Idelosan\",\"image\":{\"@type\":\"ImageObject\",\"inLanguage\":\"es\",\"@id\":\"https:\/\/idelosan.com\/#\/schema\/person\/image\/\",\"url\":\"http:\/\/idelosan.com\/wp-content\/uploads\/2022\/03\/perfil-ESCRITOR-con-logo-transp-png-1-e1649415838775.png\",\"contentUrl\":\"http:\/\/idelosan.com\/wp-content\/uploads\/2022\/03\/perfil-ESCRITOR-con-logo-transp-png-1-e1649415838775.png\",\"width\":250,\"height\":250,\"caption\":\"Idelosan\"},\"logo\":{\"@id\":\"https:\/\/idelosan.com\/#\/schema\/person\/image\/\"},\"description\":\"Soy Iv\u00e1n de los \u00c1ngeles Company, de acr\u00f3nimo Idelosan, y aspiro a impactar al mundo con mis historias de acci\u00f3n, romance, terror o fantas\u00eda. \\\"Literatura de choque\\\" es el eslogan que me define.\",\"sameAs\":[\"http:\/\/idelosan.com\",\"https:\/\/www.facebook.com\/Idelosanescritor\/\",\"https:\/\/www.instagram.com\/idelosan\"]}]}<\/script>\n<!-- \/ Yoast SEO plugin. -->","yoast_head_json":{"title":"Recursos - Iv\u00e1n de los \u00c1ngeles","robots":{"index":"index","follow":"follow","max-snippet":"max-snippet:-1","max-image-preview":"max-image-preview:large","max-video-preview":"max-video-preview:-1"},"canonical":"https:\/\/idelosan.com\/?page_id=57","og_locale":"es_ES","og_type":"article","og_title":"Recursos - Iv\u00e1n de los \u00c1ngeles","og_description":"P\u00e1ginas amigas P\u00e1ginas de aquell@s que de alguna manera han colaborado con mis proyectos Formaci\u00f3n en escritura Enlaces a algunosSeguir leyendoRecursos","og_url":"https:\/\/idelosan.com\/?page_id=57","og_site_name":"Iv\u00e1n de los \u00c1ngeles","article_publisher":"https:\/\/www.facebook.com\/Idelosanescritor\/","article_modified_time":"2024-01-13T14:17:26+00:00","twitter_card":"summary_large_image","twitter_misc":{"Tiempo de lectura":"1 minuto"},"schema":{"@context":"https:\/\/schema.org","@graph":[{"@type":"WebPage","@id":"https:\/\/idelosan.com\/?page_id=57","url":"https:\/\/idelosan.com\/?page_id=57","name":"Recursos - Iv\u00e1n de los \u00c1ngeles","isPartOf":{"@id":"https:\/\/idelosan.com\/#website"},"datePublished":"2021-01-03T23:48:39+00:00","dateModified":"2024-01-13T14:17:26+00:00","breadcrumb":{"@id":"https:\/\/idelosan.com\/?page_id=57#breadcrumb"},"inLanguage":"es","potentialAction":[{"@type":"ReadAction","target":["https:\/\/idelosan.com\/?page_id=57"]}]},{"@type":"BreadcrumbList","@id":"https:\/\/idelosan.com\/?page_id=57#breadcrumb","itemListElement":[{"@type":"ListItem","position":1,"name":"Portada","item":"https:\/\/idelosan.com\/"},{"@type":"ListItem","position":2,"name":"Recursos"}]},{"@type":"WebSite","@id":"https:\/\/idelosan.com\/#website","url":"https:\/\/idelosan.com\/","name":"Iv\u00e1n de los \u00c1ngeles","description":"Literatura de choque; thriller, romance, terror y fantas\u00eda","publisher":{"@id":"https:\/\/idelosan.com\/#\/schema\/person\/a31effc0ec3a561cc65b2e3a7531d304"},"potentialAction":[{"@type":"SearchAction","target":{"@type":"EntryPoint","urlTemplate":"https:\/\/idelosan.com\/?s={search_term_string}"},"query-input":{"@type":"PropertyValueSpecification","valueRequired":true,"valueName":"search_term_string"}}],"inLanguage":"es"},{"@type":["Person","Organization"],"@id":"https:\/\/idelosan.com\/#\/schema\/person\/a31effc0ec3a561cc65b2e3a7531d304","name":"Idelosan","image":{"@type":"ImageObject","inLanguage":"es","@id":"https:\/\/idelosan.com\/#\/schema\/person\/image\/","url":"http:\/\/idelosan.com\/wp-content\/uploads\/2022\/03\/perfil-ESCRITOR-con-logo-transp-png-1-e1649415838775.png","contentUrl":"http:\/\/idelosan.com\/wp-content\/uploads\/2022\/03\/perfil-ESCRITOR-con-logo-transp-png-1-e1649415838775.png","width":250,"height":250,"caption":"Idelosan"},"logo":{"@id":"https:\/\/idelosan.com\/#\/schema\/person\/image\/"},"description":"Soy Iv\u00e1n de los \u00c1ngeles Company, de acr\u00f3nimo Idelosan, y aspiro a impactar al mundo con mis historias de acci\u00f3n, romance, terror o fantas\u00eda. \"Literatura de choque\" es el eslogan que me define.","sameAs":["http:\/\/idelosan.com","https:\/\/www.facebook.com\/Idelosanescritor\/","https:\/\/www.instagram.com\/idelosan"]}]}},"_links":{"self":[{"href":"https:\/\/idelosan.com\/index.php?rest_route=\/wp\/v2\/pages\/57","targetHints":{"allow":["GET"]}}],"collection":[{"href":"https:\/\/idelosan.com\/index.php?rest_route=\/wp\/v2\/pages"}],"about":[{"href":"https:\/\/idelosan.com\/index.php?rest_route=\/wp\/v2\/types\/page"}],"author":[{"embeddable":true,"href":"https:\/\/idelosan.com\/index.php?rest_route=\/wp\/v2\/users\/1"}],"replies":[{"embeddable":true,"href":"https:\/\/idelosan.com\/index.php?rest_route=%2Fwp%2Fv2%2Fcomments&post=57"}],"version-history":[{"count":9,"href":"https:\/\/idelosan.com\/index.php?rest_route=\/wp\/v2\/pages\/57\/revisions"}],"predecessor-version":[{"id":768,"href":"https:\/\/idelosan.com\/index.php?rest_route=\/wp\/v2\/pages\/57\/revisions\/768"}],"wp:attachment":[{"href":"https:\/\/idelosan.com\/index.php?rest_route=%2Fwp%2Fv2%2Fmedia&parent=57"}],"curies":[{"name":"wp","href":"https:\/\/api.w.org\/{rel}","templated":true}]}}