{"id":313,"date":"2021-04-19T09:51:55","date_gmt":"2021-04-19T07:51:55","guid":{"rendered":"https:\/\/idelosan.com\/?page_id=313"},"modified":"2021-04-19T09:51:55","modified_gmt":"2021-04-19T07:51:55","slug":"el-taxista","status":"publish","type":"page","link":"https:\/\/idelosan.com\/?page_id=313","title":{"rendered":"El taxista"},"content":{"rendered":"\n<div class=\"wp-block-image\"><figure class=\"aligncenter size-large is-resized\"><img loading=\"lazy\" decoding=\"async\" src=\"https:\/\/idelosan.com\/wp-content\/uploads\/2021\/04\/EL-TAXISTA-IMG-1024x602.jpg\" alt=\"\" class=\"wp-image-314\" width=\"486\" height=\"285\" srcset=\"https:\/\/idelosan.com\/wp-content\/uploads\/2021\/04\/EL-TAXISTA-IMG-1024x602.jpg 1024w, https:\/\/idelosan.com\/wp-content\/uploads\/2021\/04\/EL-TAXISTA-IMG-300x176.jpg 300w, https:\/\/idelosan.com\/wp-content\/uploads\/2021\/04\/EL-TAXISTA-IMG-768x451.jpg 768w, https:\/\/idelosan.com\/wp-content\/uploads\/2021\/04\/EL-TAXISTA-IMG.jpg 1200w\" sizes=\"auto, (max-width: 486px) 100vw, 486px\" \/><\/figure><\/div>\n\n\n\n<p><br>Pasaban las ocho y media de la noche y Juli\u00e1n era consciente de que ten\u00eda que ir cerrando la comisar\u00eda. No le importaba apurar sus informes hasta ser el \u00faltimo en salir, pero le sab\u00eda mal por el conserje. Escuch\u00f3 el sonido de la puerta de entrada al di\u00e1fano espacio de despachos, ahora en penumbra, siendo su mesa la \u00fanica iluminada. \u00bfUna visita a estas horas? El polic\u00eda se tens\u00f3: deb\u00eda de ser una urgencia.<\/p>\n\n\n\n<p>Reconoci\u00f3 inmediatamente a Luis, el taxista del pueblo, y no le pareci\u00f3 muy agitado en un principio, as\u00ed que su alarma se convirti\u00f3 en curiosidad. Desde su llegada el a\u00f1o pasado el hombre sol\u00eda pasarse mucho a denunciar clientes que no le pagaban o desperfectos en las carreteras, aun sabiendo perfectamente que no era la ventanilla correcta, pero al polic\u00eda nunca le import\u00f3 tomar nota y derivar donde correspond\u00eda. Luis era un tipo entra\u00f1able y considerado y Juli\u00e1n uno de esos polis que disfrutaban haciendo su trabajo, as\u00ed que no dud\u00f3 ni un momento en ofrecerle su atenci\u00f3n.<\/p>\n\n\n\n<p>Sin embargo, ya en su forma de desplazarse hasta el asiento frente su mesa, Juli\u00e1n not\u00f3 que algo no cuadraba. El taxista estaba como ido, con la mirada perdida, y se limit\u00f3 a aceptar el ofrecimiento sin mediar palabra. Muy lejos de su habitual locuacidad amistosa.<\/p>\n\n\n\n<p>Ya en los proleg\u00f3menos del informe, apenas balbuce\u00f3 la respuesta a las preguntas iniciales, como con esfuerzo. Y lo que le cont\u00f3 poco despu\u00e9s no hizo m\u00e1s que empeorar el efecto, pens\u00f3 el polic\u00eda mientras empezaba a tomarle declaraci\u00f3n. Sus respuestas eran breves e inconexas y \u00e9l tena que dirigirle la conversaci\u00f3n.<\/p>\n\n\n\n<p>\u2014Luis, no es la primera vez que un cliente te dice que te esperes pero luego ya no vuelve, s\u00e9 que t\u00fa eres la v\u00edctima, pero tienes que ir con m\u00e1s cuidado. Te tengo dicho que si te vuelve a ocurrir no bajes a buscar al moroso; ll\u00e1manos directamente, le hacemos pagarte y le metemos una multa.<\/p>\n\n\n\n<p>\u2014No\u2026 no lo hice para que me pague.<\/p>\n\n\n\n<p>\u2014\u00bfC\u00f3mo que no, Luis? \u00bfY por qu\u00e9 fuiste tras esa chica?<\/p>\n\n\n\n<p>Nunca lo admitir\u00eda, pero la turbaci\u00f3n de Juli\u00e1n por el estado del ciudadano se estaba convirtiendo poco a poco en hast\u00edo. Se mir\u00f3 el reloj, pensando si hizo bien en aceptar atenderle. Al fin y al cabo, el bueno de Luis fue capaz de robarle media hora en el pasado solo para denunciar el estado de unos baches en una carretera medio perdida que no transitaba casi nadie. Al menos, aquella vez fue elocuente en su testimonio; ahora, se empezaba a preguntar si iba drogado.<\/p>\n\n\n\n<p>\u2014Me\u2026 me preocupaba.<\/p>\n\n\n\n<p>El polic\u00eda frunci\u00f3 el ce\u00f1o.<\/p>\n\n\n\n<p>\u2014Dices que la recogiste a las afueras del pueblo. \u00bfD\u00f3nde, exactamente? Dime en qu\u00e9 direcci\u00f3n, h\u00e1blame de ella.<\/p>\n\n\n\n<p>\u2014Es\u2026 no, no hab\u00eda direcci\u00f3n. Estaba al borde de la carretera\u2026<\/p>\n\n\n\n<p>\u2014\u00bfQu\u00e9 carretera, Luis? \u2014No pudo evitar elevar el tono\u2014. Por favor, expl\u00edcate. \u00bfC\u00f3mo te topaste con la clienta?<\/p>\n\n\n\n<p>\u2014La carretera que lleva a la monta\u00f1a. Ya\u2026 ya estaba oscuro, la vi de casualidad.<\/p>\n\n\n\n<p>Juli\u00e1n asinti\u00f3 complacido. Le supo mal haberle hablado as\u00ed, pero era como si su interlocutor hubiera despertado.<\/p>\n\n\n\n<p>\u2014\u00bfC\u00f3mo era? \u00bfTe sonaba haberla visto? Dime d\u00f3nde te pidi\u00f3 ir, por favor.<\/p>\n\n\n\n<p>\u2014Era una joven normal\u2026 con vaqueros y una blusa roja, pero creo que nunca la hab\u00eda visto. Le pregunt\u00e9 si quer\u00eda que la llevara a alg\u00fan sitio, y me dijo que s\u00ed, no pero no me supo decir la direcci\u00f3n. Solo que fu\u00e9ramos monta\u00f1a arriba.<\/p>\n\n\n\n<p>\u2014All\u00ed hay algunos chal\u00e9s, pero la mayor\u00eda est\u00e1n deshabitados. \u00bfEn cu\u00e1l de todos te pidi\u00f3 parar?<\/p>\n\n\n\n<p>\u2014No\u2026 no lo s\u00e9. No\u2026 ning\u00fan chal\u00e9. \u2014El taxista mir\u00f3 a su alrededor, como confundido\u2014. Era\u2026 era en medio de la carretera, ella insisti\u00f3. Hab\u00eda estado muy callada todo el viaje, pero\u2026 pero entonces se puso muy nerviosa y pidi\u00f3 parar. Baj\u00f3 y se fue. <\/p>\n\n\n\n<p>\u2014Por lo que yo s\u00e9, all\u00ed todo es bosque. \u00bfPuede ser que se encontrara indispuesta, que fuera a vomitar o hacer sus necesidades?<\/p>\n\n\n\n<p>\u2014Eso\u2026 eso es lo que pens\u00e9. Me qued\u00e9 esperando, pero no ven\u00eda. Por eso me baj\u00e9 del coche y fui a buscarla con la linterna. All\u00ed.<\/p>\n\n\n\n<p>El taxista detuvo abruptamente su narraci\u00f3n y se qued\u00f3 mirando a un punto fijo. Juli\u00e1n trag\u00f3 saliva.<\/p>\n\n\n\n<p>\u2014\u00bfLuis?\u2014Oh, oh, perdona. Por\u2026 \u00bfpor d\u00f3nde iba?\u2014Bajaste del taxi y fuiste a buscar a tu clienta.<\/p>\n\n\n\n<p>\u2014Ah, s\u00ed\u2026 La busqu\u00e9 y la llam\u00e9 pero no respondi\u00f3.<\/p>\n\n\n\n<p>\u2014Y volviste al coche sin ella.<\/p>\n\n\n\n<p>\u2014Eso es. Volv\u00ed a mi taxi y\u2026 <\/p>\n\n\n\n<p>\u2014\u00bfLuis, te encuentras bien?<\/p>\n\n\n\n<p>El taxista cerr\u00f3 con fuerza los ojos y se apret\u00f3 las sienes con las manos, gimoteando.<\/p>\n\n\n\n<p>\u2014\u00bfLuis? \u2014Juli\u00e1n se levant\u00f3, alarmado, y casi tumb\u00f3 la l\u00e1mpara de mesa que era su \u00fanica fuente de luz en la estancia.<\/p>\n\n\n\n<p>\u2014No, no, estoy bien \u2014afirm\u00f3, a\u00fan con la cara deformada en un rictus de angustia\u2014. Sigo.<\/p>\n\n\n\n<p>Juli\u00e1n se sent\u00f3 lentamente, sin perderle de vista. Nunca le vio as\u00ed, pens\u00f3, taquic\u00e1rdico.<\/p>\n\n\n\n<p>\u2014\u00bfVolviste al taxi y\u2026 viniste aqu\u00ed, a denunciar su desaparici\u00f3n?<\/p>\n\n\n\n<p>\u2014No\u2026 ella estaba all\u00ed\u2026 arranqu\u00e9 y la vi all\u00ed, en el asiento trasero\u2026 me dijo que tuviera cuidado con la curva, pero me asust\u00e9 mucho\u2026 aceler\u00e9 y\u2026 <\/p>\n\n\n\n<p>\u2014\u00bfY qu\u00e9 ocurri\u00f3, Luis? Vamos, tienes que dec\u00edrmelo.<\/p>\n\n\n\n<p>El taxista volvi\u00f3 a actuar como un ni\u00f1o asustado. Juli\u00e1n se levant\u00f3 y fue hacia la cercana puerta que llevaba al comedor de la comisar\u00eda.<\/p>\n\n\n\n<p>\u2014Espera, voy a traerte un vaso de agua \u2014le dijo.<\/p>\n\n\n\n<p>Mientras le rellenaba el vaso, su mente viajaba a toda velocidad. Ten\u00eda que preguntar a Luis a qu\u00e9 hora recogi\u00f3 a la chica exactamente. Si cuando lo hizo ya estaba oscuro, \u00bfc\u00f3mo le dio tiempo a subir y bajar de la monta\u00f1a, si solo llegar de all\u00ed a la comisaria ya tomaba cuarenta minutos? Cuando lleg\u00f3 a la comisar\u00eda, hac\u00eda apenas una hora que hab\u00eda anochecido. Y sobre todo: \u00bfpor qu\u00e9 hab\u00eda acudido all\u00ed en realidad?<\/p>\n\n\n\n<p>Tard\u00f3 apenas treinta segundos en volver, pero su interrogado ya no estaba. Encendi\u00f3 todas las luces mientras lo llamaba, pasando la mirada por todos los despachos.<\/p>\n\n\n\n<p>Sali\u00f3 al recibidor. El conserje, con la cabeza apoyada en el brazo, le miro con cara de pocos amigos.<\/p>\n\n\n\n<p>\u2014Disculpa, Bernardo, \u00bfha salido ya Luis?<\/p>\n\n\n\n<p>\u2014\u00bfDe qu\u00e9 Luis me hablas? Aqu\u00ed no hay nadie m\u00e1s que t\u00fa, Juli\u00e1n, que ya te vale.<\/p>\n\n\n\n<p>El polic\u00eda se march\u00f3 a casa, dejando los informes para la ma\u00f1ana siguiente. Llam\u00f3 a sus compa\u00f1eros de la patrulla del turno de noche y les inst\u00f3 a buscar a Luis Salcedo, pero no hubo ni rastro de \u00e9l por todo el pueblo. Se mantuvo despierto durante horas, incapaz de dormir, hasta que \u00e9l mismo se levant\u00f3 de la cama y se uni\u00f3 a la b\u00fasqueda con su coche particular cuando a\u00fan faltaba tiempo para el alba.<\/p>\n\n\n\n<p>Decidi\u00f3 seguir los mismos pasos que su interrogado le hab\u00eda descrito, y se adentr\u00f3 en la negrura de las solitarias carreteras de monta\u00f1a. Sinti\u00f3 una opresiva presi\u00f3n en el pecho tan pronto como empez\u00f3 a recorrer la senda de caminos zigzagueantes que ascend\u00edan, mirando a uno y otro lado del arc\u00e9n en busca de la supuesta chica desaparecida. En un momento dado, tuvo que pegar un frenazo y sus ruedas chirriaron por el degradado asfalto hasta llevar sus ruedas al borde del precipicio.<\/p>\n\n\n\n<p>Juli\u00e1n baj\u00f3 del coche sintiendo que el coraz\u00f3n se le sal\u00eda por la boca, y contempl\u00f3 el vac\u00edo que se abr\u00eda en el extremo de aquella curva mortal. All\u00e1 abajo, apenas iluminado por los focos de su coche, distingui\u00f3 el amarillo de un taxi volcado entre los \u00e1rboles.<\/p>\n\n\n\n<p>Llam\u00f3 a sus compa\u00f1eros para anunciarles el hallazgo, compungido, mientras se juraba a s\u00ed mismo que nadie m\u00e1s cruzar\u00eda aquella carretera hasta que se arreglara su pavimento. Recorrer\u00eda todas las v\u00edas, legales o no, para que esto fuera as\u00ed, en honor a la \u00faltima voluntad del taxista que confi\u00f3 en \u00e9l incluso m\u00e1s all\u00e1 de la muerte. <\/p>\n\n\n\n<p>Cavilando acerca de todo ello, mientras esperaba la llegada de la patrulla envuelto en la oscuridad, jurar\u00eda haber visto la mirada de una chica observ\u00e1ndole en silencio desde el follaje. La reconoci\u00f3 como Tamara Garc\u00eda, la joven que, un a\u00f1o atr\u00e1s, perdi\u00f3 la vida en aquella misma carretera.<\/p>\n\n\n\n<p>Quiso pensar (suplic\u00f3 que as\u00ed fuera) que en sus ojos vac\u00edos se reflejaba la paz por saber que pronto se pondr\u00eda fin a la causa de su final. Y esos ojos que no pondr\u00eda reflejar en ning\u00fan informe le acompa\u00f1ar\u00edan siempre, al igual que el recuerdo del \u00faltimo testimonio de Luis, record\u00e1ndole el peso de su responsabilidad como hombre justo.<\/p>\n","protected":false},"excerpt":{"rendered":"<p>Pasaban las ocho y media de la noche y Juli\u00e1n era consciente de que ten\u00eda que ir cerrando la comisar\u00eda.<\/p>\n<p><a href=\"https:\/\/idelosan.com\/?page_id=313\" class=\"more-link\">Seguir leyendo<span class=\"screen-reader-text\">El taxista<\/span><\/a><\/p>\n","protected":false},"author":1,"featured_media":0,"parent":0,"menu_order":0,"comment_status":"open","ping_status":"closed","template":"","meta":{"footnotes":""},"class_list":["post-313","page","type-page","status-publish","hentry"],"yoast_head":"<!-- This site is optimized with the Yoast SEO plugin v25.1 - https:\/\/yoast.com\/wordpress\/plugins\/seo\/ -->\n<title>El taxista - Iv\u00e1n de los \u00c1ngeles<\/title>\n<meta name=\"robots\" content=\"index, follow, max-snippet:-1, max-image-preview:large, max-video-preview:-1\" \/>\n<link rel=\"canonical\" href=\"https:\/\/idelosan.com\/?page_id=313\" \/>\n<meta property=\"og:locale\" content=\"es_ES\" \/>\n<meta property=\"og:type\" content=\"article\" \/>\n<meta property=\"og:title\" content=\"El taxista - Iv\u00e1n de los \u00c1ngeles\" \/>\n<meta property=\"og:description\" content=\"Pasaban las ocho y media de la noche y Juli\u00e1n era consciente de que ten\u00eda que ir cerrando la comisar\u00eda.Seguir leyendoEl taxista\" \/>\n<meta property=\"og:url\" content=\"https:\/\/idelosan.com\/?page_id=313\" \/>\n<meta property=\"og:site_name\" content=\"Iv\u00e1n de los \u00c1ngeles\" \/>\n<meta property=\"article:publisher\" content=\"https:\/\/www.facebook.com\/Idelosanescritor\/\" \/>\n<meta property=\"og:image\" content=\"https:\/\/idelosan.com\/wp-content\/uploads\/2021\/04\/EL-TAXISTA-IMG-1024x602.jpg\" \/>\n<meta name=\"twitter:card\" content=\"summary_large_image\" \/>\n<meta name=\"twitter:label1\" content=\"Tiempo de lectura\" \/>\n\t<meta name=\"twitter:data1\" content=\"8 minutos\" \/>\n<script type=\"application\/ld+json\" class=\"yoast-schema-graph\">{\"@context\":\"https:\/\/schema.org\",\"@graph\":[{\"@type\":\"WebPage\",\"@id\":\"https:\/\/idelosan.com\/?page_id=313\",\"url\":\"https:\/\/idelosan.com\/?page_id=313\",\"name\":\"El taxista - Iv\u00e1n de los \u00c1ngeles\",\"isPartOf\":{\"@id\":\"https:\/\/idelosan.com\/#website\"},\"primaryImageOfPage\":{\"@id\":\"https:\/\/idelosan.com\/?page_id=313#primaryimage\"},\"image\":{\"@id\":\"https:\/\/idelosan.com\/?page_id=313#primaryimage\"},\"thumbnailUrl\":\"https:\/\/idelosan.com\/wp-content\/uploads\/2021\/04\/EL-TAXISTA-IMG-1024x602.jpg\",\"datePublished\":\"2021-04-19T07:51:55+00:00\",\"breadcrumb\":{\"@id\":\"https:\/\/idelosan.com\/?page_id=313#breadcrumb\"},\"inLanguage\":\"es\",\"potentialAction\":[{\"@type\":\"ReadAction\",\"target\":[\"https:\/\/idelosan.com\/?page_id=313\"]}]},{\"@type\":\"ImageObject\",\"inLanguage\":\"es\",\"@id\":\"https:\/\/idelosan.com\/?page_id=313#primaryimage\",\"url\":\"https:\/\/idelosan.com\/wp-content\/uploads\/2021\/04\/EL-TAXISTA-IMG.jpg\",\"contentUrl\":\"https:\/\/idelosan.com\/wp-content\/uploads\/2021\/04\/EL-TAXISTA-IMG.jpg\",\"width\":1200,\"height\":705},{\"@type\":\"BreadcrumbList\",\"@id\":\"https:\/\/idelosan.com\/?page_id=313#breadcrumb\",\"itemListElement\":[{\"@type\":\"ListItem\",\"position\":1,\"name\":\"Portada\",\"item\":\"https:\/\/idelosan.com\/\"},{\"@type\":\"ListItem\",\"position\":2,\"name\":\"El taxista\"}]},{\"@type\":\"WebSite\",\"@id\":\"https:\/\/idelosan.com\/#website\",\"url\":\"https:\/\/idelosan.com\/\",\"name\":\"Iv\u00e1n de los \u00c1ngeles\",\"description\":\"Literatura de choque; thriller, romance, terror y fantas\u00eda\",\"publisher\":{\"@id\":\"https:\/\/idelosan.com\/#\/schema\/person\/a31effc0ec3a561cc65b2e3a7531d304\"},\"potentialAction\":[{\"@type\":\"SearchAction\",\"target\":{\"@type\":\"EntryPoint\",\"urlTemplate\":\"https:\/\/idelosan.com\/?s={search_term_string}\"},\"query-input\":{\"@type\":\"PropertyValueSpecification\",\"valueRequired\":true,\"valueName\":\"search_term_string\"}}],\"inLanguage\":\"es\"},{\"@type\":[\"Person\",\"Organization\"],\"@id\":\"https:\/\/idelosan.com\/#\/schema\/person\/a31effc0ec3a561cc65b2e3a7531d304\",\"name\":\"Idelosan\",\"image\":{\"@type\":\"ImageObject\",\"inLanguage\":\"es\",\"@id\":\"https:\/\/idelosan.com\/#\/schema\/person\/image\/\",\"url\":\"http:\/\/idelosan.com\/wp-content\/uploads\/2022\/03\/perfil-ESCRITOR-con-logo-transp-png-1-e1649415838775.png\",\"contentUrl\":\"http:\/\/idelosan.com\/wp-content\/uploads\/2022\/03\/perfil-ESCRITOR-con-logo-transp-png-1-e1649415838775.png\",\"width\":250,\"height\":250,\"caption\":\"Idelosan\"},\"logo\":{\"@id\":\"https:\/\/idelosan.com\/#\/schema\/person\/image\/\"},\"description\":\"Soy Iv\u00e1n de los \u00c1ngeles Company, de acr\u00f3nimo Idelosan, y aspiro a impactar al mundo con mis historias de acci\u00f3n, romance, terror o fantas\u00eda. \\\"Literatura de choque\\\" es el eslogan que me define.\",\"sameAs\":[\"http:\/\/idelosan.com\",\"https:\/\/www.facebook.com\/Idelosanescritor\/\",\"https:\/\/www.instagram.com\/idelosan\"]}]}<\/script>\n<!-- \/ Yoast SEO plugin. -->","yoast_head_json":{"title":"El taxista - Iv\u00e1n de los \u00c1ngeles","robots":{"index":"index","follow":"follow","max-snippet":"max-snippet:-1","max-image-preview":"max-image-preview:large","max-video-preview":"max-video-preview:-1"},"canonical":"https:\/\/idelosan.com\/?page_id=313","og_locale":"es_ES","og_type":"article","og_title":"El taxista - Iv\u00e1n de los \u00c1ngeles","og_description":"Pasaban las ocho y media de la noche y Juli\u00e1n era consciente de que ten\u00eda que ir cerrando la comisar\u00eda.Seguir leyendoEl taxista","og_url":"https:\/\/idelosan.com\/?page_id=313","og_site_name":"Iv\u00e1n de los \u00c1ngeles","article_publisher":"https:\/\/www.facebook.com\/Idelosanescritor\/","og_image":[{"url":"https:\/\/idelosan.com\/wp-content\/uploads\/2021\/04\/EL-TAXISTA-IMG-1024x602.jpg","type":"","width":"","height":""}],"twitter_card":"summary_large_image","twitter_misc":{"Tiempo de lectura":"8 minutos"},"schema":{"@context":"https:\/\/schema.org","@graph":[{"@type":"WebPage","@id":"https:\/\/idelosan.com\/?page_id=313","url":"https:\/\/idelosan.com\/?page_id=313","name":"El taxista - Iv\u00e1n de los \u00c1ngeles","isPartOf":{"@id":"https:\/\/idelosan.com\/#website"},"primaryImageOfPage":{"@id":"https:\/\/idelosan.com\/?page_id=313#primaryimage"},"image":{"@id":"https:\/\/idelosan.com\/?page_id=313#primaryimage"},"thumbnailUrl":"https:\/\/idelosan.com\/wp-content\/uploads\/2021\/04\/EL-TAXISTA-IMG-1024x602.jpg","datePublished":"2021-04-19T07:51:55+00:00","breadcrumb":{"@id":"https:\/\/idelosan.com\/?page_id=313#breadcrumb"},"inLanguage":"es","potentialAction":[{"@type":"ReadAction","target":["https:\/\/idelosan.com\/?page_id=313"]}]},{"@type":"ImageObject","inLanguage":"es","@id":"https:\/\/idelosan.com\/?page_id=313#primaryimage","url":"https:\/\/idelosan.com\/wp-content\/uploads\/2021\/04\/EL-TAXISTA-IMG.jpg","contentUrl":"https:\/\/idelosan.com\/wp-content\/uploads\/2021\/04\/EL-TAXISTA-IMG.jpg","width":1200,"height":705},{"@type":"BreadcrumbList","@id":"https:\/\/idelosan.com\/?page_id=313#breadcrumb","itemListElement":[{"@type":"ListItem","position":1,"name":"Portada","item":"https:\/\/idelosan.com\/"},{"@type":"ListItem","position":2,"name":"El taxista"}]},{"@type":"WebSite","@id":"https:\/\/idelosan.com\/#website","url":"https:\/\/idelosan.com\/","name":"Iv\u00e1n de los \u00c1ngeles","description":"Literatura de choque; thriller, romance, terror y fantas\u00eda","publisher":{"@id":"https:\/\/idelosan.com\/#\/schema\/person\/a31effc0ec3a561cc65b2e3a7531d304"},"potentialAction":[{"@type":"SearchAction","target":{"@type":"EntryPoint","urlTemplate":"https:\/\/idelosan.com\/?s={search_term_string}"},"query-input":{"@type":"PropertyValueSpecification","valueRequired":true,"valueName":"search_term_string"}}],"inLanguage":"es"},{"@type":["Person","Organization"],"@id":"https:\/\/idelosan.com\/#\/schema\/person\/a31effc0ec3a561cc65b2e3a7531d304","name":"Idelosan","image":{"@type":"ImageObject","inLanguage":"es","@id":"https:\/\/idelosan.com\/#\/schema\/person\/image\/","url":"http:\/\/idelosan.com\/wp-content\/uploads\/2022\/03\/perfil-ESCRITOR-con-logo-transp-png-1-e1649415838775.png","contentUrl":"http:\/\/idelosan.com\/wp-content\/uploads\/2022\/03\/perfil-ESCRITOR-con-logo-transp-png-1-e1649415838775.png","width":250,"height":250,"caption":"Idelosan"},"logo":{"@id":"https:\/\/idelosan.com\/#\/schema\/person\/image\/"},"description":"Soy Iv\u00e1n de los \u00c1ngeles Company, de acr\u00f3nimo Idelosan, y aspiro a impactar al mundo con mis historias de acci\u00f3n, romance, terror o fantas\u00eda. \"Literatura de choque\" es el eslogan que me define.","sameAs":["http:\/\/idelosan.com","https:\/\/www.facebook.com\/Idelosanescritor\/","https:\/\/www.instagram.com\/idelosan"]}]}},"_links":{"self":[{"href":"https:\/\/idelosan.com\/index.php?rest_route=\/wp\/v2\/pages\/313","targetHints":{"allow":["GET"]}}],"collection":[{"href":"https:\/\/idelosan.com\/index.php?rest_route=\/wp\/v2\/pages"}],"about":[{"href":"https:\/\/idelosan.com\/index.php?rest_route=\/wp\/v2\/types\/page"}],"author":[{"embeddable":true,"href":"https:\/\/idelosan.com\/index.php?rest_route=\/wp\/v2\/users\/1"}],"replies":[{"embeddable":true,"href":"https:\/\/idelosan.com\/index.php?rest_route=%2Fwp%2Fv2%2Fcomments&post=313"}],"version-history":[{"count":1,"href":"https:\/\/idelosan.com\/index.php?rest_route=\/wp\/v2\/pages\/313\/revisions"}],"predecessor-version":[{"id":315,"href":"https:\/\/idelosan.com\/index.php?rest_route=\/wp\/v2\/pages\/313\/revisions\/315"}],"wp:attachment":[{"href":"https:\/\/idelosan.com\/index.php?rest_route=%2Fwp%2Fv2%2Fmedia&parent=313"}],"curies":[{"name":"wp","href":"https:\/\/api.w.org\/{rel}","templated":true}]}}