{"id":211,"date":"2021-01-08T00:53:17","date_gmt":"2021-01-07T23:53:17","guid":{"rendered":"http:\/\/idelosan.com\/?page_id=211"},"modified":"2021-01-08T00:53:17","modified_gmt":"2021-01-07T23:53:17","slug":"belleza-salvaje","status":"publish","type":"page","link":"https:\/\/idelosan.com\/?page_id=211","title":{"rendered":"Belleza salvaje"},"content":{"rendered":"\n<div class=\"wp-block-image\"><figure class=\"aligncenter size-large is-resized\"><img loading=\"lazy\" decoding=\"async\" src=\"http:\/\/idelosan.com\/wp-content\/uploads\/2021\/01\/belleza.png\" alt=\"\" class=\"wp-image-171\" width=\"338\" height=\"302\" srcset=\"https:\/\/idelosan.com\/wp-content\/uploads\/2021\/01\/belleza.png 579w, https:\/\/idelosan.com\/wp-content\/uploads\/2021\/01\/belleza-300x268.png 300w\" sizes=\"auto, (max-width: 338px) 100vw, 338px\" \/><\/figure><\/div>\n\n\n\n<p>La princesa se enganch\u00f3 la capa con una rama y perdi\u00f3 el equilibrio, cay\u00f3 de bruces y se rompi\u00f3 la nariz contra una roca. Se reincorpor\u00f3 maldiciendo y volvi\u00f3 a correr entre los \u00e1rboles del bosque, instigada por el eco de un disparo a sus espaldas. Su melena negra se hab\u00eda soltado y le tapaba la visi\u00f3n, la sangre empezaba a te\u00f1ir de rojo su tez color nieve y a mancharle en gruesas gotas su pomposo vestido.<\/p>\n\n\n\n<p>Mir\u00f3 atr\u00e1s. El cazador parec\u00eda lejos pero el bosque era inh\u00f3spito, lleno de vegetaci\u00f3n muerta y afilada. La joven se enganch\u00f3 varias veces m\u00e1s en su torpe carrera. Furiosa y con su vestido hecho jirones, decidi\u00f3 quit\u00e1rselo y lo tir\u00f3, qued\u00e1ndose en enaguas.<\/p>\n\n\n\n<p>Encontr\u00f3 una caba\u00f1a en un claro y entr\u00f3 en ella sin dudarlo. Cerr\u00f3 la puerta y apoy\u00f3 su espalda contra ella, jadeando. Barri\u00f3 el interior con la mirada y vio que todo all\u00ed era peque\u00f1o; en el centro, una mesa bajita con siete sillitas y en ella siete platitos y pares de cubiertos. Al fondo, siete camitas puestas en fila. A los lados, un cuartito de ba\u00f1o con la puerta abierta, una chimenea y una cocina bajita y llena de enseres diminutos. No hab\u00eda nadie.<\/p>\n\n\n\n<p>Respir\u00f3 hondo. Corri\u00f3 las cortinas de todas las ventanas y trab\u00f3 la puerta principal. Mir\u00f3 con atenci\u00f3n un cuchillo en la cocina. Parec\u00eda jamonero pero ten\u00eda el tama\u00f1o de una navaja. Decidi\u00f3 enfundarlo y ocultarlo como pudo en sus enaguas. Se sent\u00f3 frente a la chimenea, que estaba prendida.<\/p>\n\n\n\n<p>Alguien intent\u00f3 entrar en la caba\u00f1a, y al no poder abrir, golpe\u00f3 la puerta repetidamente. La princesa se levant\u00f3 sobresaltada y miro alrededor. Al lado de la chimenea hab\u00eda unos troncos junto con una peque\u00f1a hacha. La cogi\u00f3 y se coloc\u00f3 empu\u00f1\u00e1ndola al lado de la entrada, con el coraz\u00f3n desbocado y aguantando la respiraci\u00f3n. La puerta cedi\u00f3, y alguien irrumpi\u00f3 en la estancia.<\/p>\n\n\n\n<p>La princesa reaccion\u00f3 como un resorte y hundi\u00f3 el hacha en la cabeza del individuo, que se desplom\u00f3. Retrocedi\u00f3, confundida, cuando vio que no se trataba del cazador, si no de un enano.<br>Detr\u00e1s entraron otros seis como \u00e9l, que rodearon el cuerpo de su amigo y le intentaron atender hasta ver que no respiraba. Levantaron la vista y cruzaron la mirada con la princesa. Ella, despeinada, llena de sangre y con la cara desencajada, grit\u00f3 ante la visi\u00f3n de los seis enanos armados con picos, mir\u00e1ndola como quien viera a un lobo.<\/p>\n\n\n\n<p>Cuatro de ellos se marcharon, uno qued\u00f3 quieto en el sitio y el otro se abalanz\u00f3 sobre ella pico en ristre. La princesa le esquiv\u00f3 tropez\u00e1ndose con una silla, se apoy\u00f3 en la mesa y la rompi\u00f3. Cay\u00f3 al suelo junto a todos los platos y sus cubiertos. El enano desbocado fue de nuevo a por ella, que yac\u00eda en el suelo, pero lo detuvo de una patada, haci\u00e9ndole trastabillar.<\/p>\n\n\n\n<p>Antes de que pudiera reaccionar, ella cogi\u00f3 uno de los cuchillitos, se impuls\u00f3 hacia \u00e9l y le raj\u00f3 la aorta; \u00e9l solt\u00f3 el pico y se ech\u00f3 las manos al cuello, gorgoteando sangre. La princesa se lo recogi\u00f3 y lo lanz\u00f3 hacia el enano que segu\u00eda en el umbral. La parte m\u00e1s afilada le atraves\u00f3 la cuenca del ojo derecho, haci\u00e9ndole caer sin vida justo sobre el primer cad\u00e1ver.<\/p>\n\n\n\n<p>El enano agresivo, desangr\u00e1ndose, fue dando tumbos intentando salir de la caba\u00f1a pero acab\u00f3 cayendo sobre los otros dos, creando una macabra pila de cuerpos. La princesa corri\u00f3 hacia la puerta y una saeta le roz\u00f3 el pelo justo antes de volver a trabarla.<\/p>\n\n\n\n<p>Son\u00f3 otro disparo de escopeta, esta vez muy cerca. La joven mir\u00f3 a trav\u00e9s de la rendija de la puerta y vio caer muerto a un enano con una ballesta escondido tras un \u00e1rbol. Otro, que iba con \u00e9l, sali\u00f3 de su campo de visi\u00f3n, gritando despavorido. Un nuevo disparo, y su voz se acall\u00f3.<\/p>\n\n\n\n<p>La princesa empez\u00f3 a temblar. Record\u00f3 el cuarto de ba\u00f1o y fue a refugiarse all\u00ed cuando un nuevo disparo revent\u00f3 el cerrojo de la puerta de la caba\u00f1a. Se acurruc\u00f3 en la esquina, impotente.<br>\u00abBlancanieeeeves, \u00bfd\u00f3nde est\u00e1s?\u00bb, escuch\u00f3 decir al cazador, en tono cantar\u00edn. \u00abOh\u2026 \u00bft\u00fa solita has hecho esto? Me impresiona que la doncella m\u00e1s bella del reino rivalice con mi sed de sangre. Me excitas, muchacha\u00bb.<\/p>\n\n\n\n<p>\u00ab\u00a1\u00bfPor qu\u00e9?!\u00bb, grit\u00f3 ella, desde su escondite. \u00ab\u00a1\u00bfPor qu\u00e9 vienes a por m\u00ed?!\u00bb. \u00abEs lo que hay, muchacha\u00bb, dijo \u00e9l, caminando hasta el cuarto de ba\u00f1o. Abri\u00f3 la puerta de una patada. \u00abEl espejito m\u00e1gico de la reina ha hablado, y ella no quiere rival para su belleza. Te matar\u00e9 y le llevar\u00e9 tu coraz\u00f3n\u00bb.<\/p>\n\n\n\n<p>\u00ab\u00a1Espera!\u00bb, dijo ella. El cazador la enca\u00f1onaba. Tan feo como imponente, de rostro deforme y expresi\u00f3n psic\u00f3tica, su estampa terrible se completaba con las cabezas cortadas de dos enanos que colgaban de su cintur\u00f3n. Blancanieves se arm\u00f3 de valor y camin\u00f3 lentamente hacia \u00e9l, mir\u00e1ndole a los ojos.<\/p>\n\n\n\n<p>\u00abNo hace falta todo esto\u00bb, dijo ella, con voz sugerente. \u00abSi te excito, \u00bfpor qu\u00e9 no tomarme aqu\u00ed y ahora? Me ir\u00e9 contigo. Tienes siete corazones m\u00e1s que puedes llevarle\u00bb.<\/p>\n\n\n\n<p>Se le acerc\u00f3 paso a paso, bien erguida, consciente de la transparencia de sus pechos a trav\u00e9s de su blusa interior. Apart\u00f3 con un suave gesto el ca\u00f1\u00f3n del cazador, que la miraba con deseo. \u00c9ste dej\u00f3 caer la escopeta y tir\u00f3 de la joven hacia \u00e9l con brusquedad, aplast\u00e1ndola contra su cuerpo. Mientras le lam\u00eda el cuello, ella se tante\u00f3 las enaguas. Desenfund\u00f3 el cuchillo y con un movimiento r\u00e1pido se lo ensart\u00f3 en el cuello. Se escabull\u00f3 de su abraz\u00f3 y volvi\u00f3 a apu\u00f1alarlo una y otra vez hasta que dej\u00f3 de moverse.<br>Sonrojada de furia, se levant\u00f3 y estudi\u00f3 su rostro en el espejo del ba\u00f1o. Mir\u00f3 el cuchillo que ten\u00eda en sus manos y dud\u00f3. Hizo amago de cortarse la mejilla pero acab\u00f3 soltando el mango, rompiendo a llorar y haci\u00e9ndose un ovillo.<br>Vio algo en el suelo al lado del cuerpo. Era una carta de la reina. En el remitente hab\u00eda una direcci\u00f3n distinta a la del palacio, quiz\u00e1s su segunda residencia. Blancanieves apret\u00f3 los pu\u00f1os y se guard\u00f3 el papel.<\/p>\n","protected":false},"excerpt":{"rendered":"<p>La princesa se enganch\u00f3 la capa con una rama y perdi\u00f3 el equilibrio, cay\u00f3 de bruces y se rompi\u00f3 la<\/p>\n<p><a href=\"https:\/\/idelosan.com\/?page_id=211\" class=\"more-link\">Seguir leyendo<span class=\"screen-reader-text\">Belleza salvaje<\/span><\/a><\/p>\n","protected":false},"author":1,"featured_media":0,"parent":0,"menu_order":0,"comment_status":"open","ping_status":"closed","template":"","meta":{"footnotes":""},"class_list":["post-211","page","type-page","status-publish","hentry"],"yoast_head":"<!-- This site is optimized with the Yoast SEO plugin v25.1 - https:\/\/yoast.com\/wordpress\/plugins\/seo\/ -->\n<title>Belleza salvaje - Iv\u00e1n de los \u00c1ngeles<\/title>\n<meta name=\"robots\" content=\"index, follow, max-snippet:-1, max-image-preview:large, max-video-preview:-1\" \/>\n<link rel=\"canonical\" href=\"https:\/\/idelosan.com\/?page_id=211\" \/>\n<meta property=\"og:locale\" content=\"es_ES\" \/>\n<meta property=\"og:type\" content=\"article\" \/>\n<meta property=\"og:title\" content=\"Belleza salvaje - Iv\u00e1n de los \u00c1ngeles\" \/>\n<meta property=\"og:description\" content=\"La princesa se enganch\u00f3 la capa con una rama y perdi\u00f3 el equilibrio, cay\u00f3 de bruces y se rompi\u00f3 laSeguir leyendoBelleza salvaje\" \/>\n<meta property=\"og:url\" content=\"https:\/\/idelosan.com\/?page_id=211\" \/>\n<meta property=\"og:site_name\" content=\"Iv\u00e1n de los \u00c1ngeles\" \/>\n<meta property=\"article:publisher\" content=\"https:\/\/www.facebook.com\/Idelosanescritor\/\" \/>\n<meta property=\"og:image\" content=\"http:\/\/idelosan.com\/wp-content\/uploads\/2021\/01\/belleza.png\" \/>\n<meta name=\"twitter:card\" content=\"summary_large_image\" \/>\n<meta name=\"twitter:label1\" content=\"Tiempo de lectura\" \/>\n\t<meta name=\"twitter:data1\" content=\"5 minutos\" \/>\n<script type=\"application\/ld+json\" class=\"yoast-schema-graph\">{\"@context\":\"https:\/\/schema.org\",\"@graph\":[{\"@type\":\"WebPage\",\"@id\":\"https:\/\/idelosan.com\/?page_id=211\",\"url\":\"https:\/\/idelosan.com\/?page_id=211\",\"name\":\"Belleza salvaje - Iv\u00e1n de los \u00c1ngeles\",\"isPartOf\":{\"@id\":\"https:\/\/idelosan.com\/#website\"},\"primaryImageOfPage\":{\"@id\":\"https:\/\/idelosan.com\/?page_id=211#primaryimage\"},\"image\":{\"@id\":\"https:\/\/idelosan.com\/?page_id=211#primaryimage\"},\"thumbnailUrl\":\"http:\/\/idelosan.com\/wp-content\/uploads\/2021\/01\/belleza.png\",\"datePublished\":\"2021-01-07T23:53:17+00:00\",\"breadcrumb\":{\"@id\":\"https:\/\/idelosan.com\/?page_id=211#breadcrumb\"},\"inLanguage\":\"es\",\"potentialAction\":[{\"@type\":\"ReadAction\",\"target\":[\"https:\/\/idelosan.com\/?page_id=211\"]}]},{\"@type\":\"ImageObject\",\"inLanguage\":\"es\",\"@id\":\"https:\/\/idelosan.com\/?page_id=211#primaryimage\",\"url\":\"https:\/\/idelosan.com\/wp-content\/uploads\/2021\/01\/belleza.png\",\"contentUrl\":\"https:\/\/idelosan.com\/wp-content\/uploads\/2021\/01\/belleza.png\",\"width\":579,\"height\":518},{\"@type\":\"BreadcrumbList\",\"@id\":\"https:\/\/idelosan.com\/?page_id=211#breadcrumb\",\"itemListElement\":[{\"@type\":\"ListItem\",\"position\":1,\"name\":\"Portada\",\"item\":\"https:\/\/idelosan.com\/\"},{\"@type\":\"ListItem\",\"position\":2,\"name\":\"Belleza salvaje\"}]},{\"@type\":\"WebSite\",\"@id\":\"https:\/\/idelosan.com\/#website\",\"url\":\"https:\/\/idelosan.com\/\",\"name\":\"Iv\u00e1n de los \u00c1ngeles\",\"description\":\"Literatura de choque; thriller, romance, terror y fantas\u00eda\",\"publisher\":{\"@id\":\"https:\/\/idelosan.com\/#\/schema\/person\/a31effc0ec3a561cc65b2e3a7531d304\"},\"potentialAction\":[{\"@type\":\"SearchAction\",\"target\":{\"@type\":\"EntryPoint\",\"urlTemplate\":\"https:\/\/idelosan.com\/?s={search_term_string}\"},\"query-input\":{\"@type\":\"PropertyValueSpecification\",\"valueRequired\":true,\"valueName\":\"search_term_string\"}}],\"inLanguage\":\"es\"},{\"@type\":[\"Person\",\"Organization\"],\"@id\":\"https:\/\/idelosan.com\/#\/schema\/person\/a31effc0ec3a561cc65b2e3a7531d304\",\"name\":\"Idelosan\",\"image\":{\"@type\":\"ImageObject\",\"inLanguage\":\"es\",\"@id\":\"https:\/\/idelosan.com\/#\/schema\/person\/image\/\",\"url\":\"http:\/\/idelosan.com\/wp-content\/uploads\/2022\/03\/perfil-ESCRITOR-con-logo-transp-png-1-e1649415838775.png\",\"contentUrl\":\"http:\/\/idelosan.com\/wp-content\/uploads\/2022\/03\/perfil-ESCRITOR-con-logo-transp-png-1-e1649415838775.png\",\"width\":250,\"height\":250,\"caption\":\"Idelosan\"},\"logo\":{\"@id\":\"https:\/\/idelosan.com\/#\/schema\/person\/image\/\"},\"description\":\"Soy Iv\u00e1n de los \u00c1ngeles Company, de acr\u00f3nimo Idelosan, y aspiro a impactar al mundo con mis historias de acci\u00f3n, romance, terror o fantas\u00eda. \\\"Literatura de choque\\\" es el eslogan que me define.\",\"sameAs\":[\"http:\/\/idelosan.com\",\"https:\/\/www.facebook.com\/Idelosanescritor\/\",\"https:\/\/www.instagram.com\/idelosan\"]}]}<\/script>\n<!-- \/ Yoast SEO plugin. -->","yoast_head_json":{"title":"Belleza salvaje - Iv\u00e1n de los \u00c1ngeles","robots":{"index":"index","follow":"follow","max-snippet":"max-snippet:-1","max-image-preview":"max-image-preview:large","max-video-preview":"max-video-preview:-1"},"canonical":"https:\/\/idelosan.com\/?page_id=211","og_locale":"es_ES","og_type":"article","og_title":"Belleza salvaje - Iv\u00e1n de los \u00c1ngeles","og_description":"La princesa se enganch\u00f3 la capa con una rama y perdi\u00f3 el equilibrio, cay\u00f3 de bruces y se rompi\u00f3 laSeguir leyendoBelleza salvaje","og_url":"https:\/\/idelosan.com\/?page_id=211","og_site_name":"Iv\u00e1n de los \u00c1ngeles","article_publisher":"https:\/\/www.facebook.com\/Idelosanescritor\/","og_image":[{"url":"http:\/\/idelosan.com\/wp-content\/uploads\/2021\/01\/belleza.png","type":"","width":"","height":""}],"twitter_card":"summary_large_image","twitter_misc":{"Tiempo de lectura":"5 minutos"},"schema":{"@context":"https:\/\/schema.org","@graph":[{"@type":"WebPage","@id":"https:\/\/idelosan.com\/?page_id=211","url":"https:\/\/idelosan.com\/?page_id=211","name":"Belleza salvaje - Iv\u00e1n de los \u00c1ngeles","isPartOf":{"@id":"https:\/\/idelosan.com\/#website"},"primaryImageOfPage":{"@id":"https:\/\/idelosan.com\/?page_id=211#primaryimage"},"image":{"@id":"https:\/\/idelosan.com\/?page_id=211#primaryimage"},"thumbnailUrl":"http:\/\/idelosan.com\/wp-content\/uploads\/2021\/01\/belleza.png","datePublished":"2021-01-07T23:53:17+00:00","breadcrumb":{"@id":"https:\/\/idelosan.com\/?page_id=211#breadcrumb"},"inLanguage":"es","potentialAction":[{"@type":"ReadAction","target":["https:\/\/idelosan.com\/?page_id=211"]}]},{"@type":"ImageObject","inLanguage":"es","@id":"https:\/\/idelosan.com\/?page_id=211#primaryimage","url":"https:\/\/idelosan.com\/wp-content\/uploads\/2021\/01\/belleza.png","contentUrl":"https:\/\/idelosan.com\/wp-content\/uploads\/2021\/01\/belleza.png","width":579,"height":518},{"@type":"BreadcrumbList","@id":"https:\/\/idelosan.com\/?page_id=211#breadcrumb","itemListElement":[{"@type":"ListItem","position":1,"name":"Portada","item":"https:\/\/idelosan.com\/"},{"@type":"ListItem","position":2,"name":"Belleza salvaje"}]},{"@type":"WebSite","@id":"https:\/\/idelosan.com\/#website","url":"https:\/\/idelosan.com\/","name":"Iv\u00e1n de los \u00c1ngeles","description":"Literatura de choque; thriller, romance, terror y fantas\u00eda","publisher":{"@id":"https:\/\/idelosan.com\/#\/schema\/person\/a31effc0ec3a561cc65b2e3a7531d304"},"potentialAction":[{"@type":"SearchAction","target":{"@type":"EntryPoint","urlTemplate":"https:\/\/idelosan.com\/?s={search_term_string}"},"query-input":{"@type":"PropertyValueSpecification","valueRequired":true,"valueName":"search_term_string"}}],"inLanguage":"es"},{"@type":["Person","Organization"],"@id":"https:\/\/idelosan.com\/#\/schema\/person\/a31effc0ec3a561cc65b2e3a7531d304","name":"Idelosan","image":{"@type":"ImageObject","inLanguage":"es","@id":"https:\/\/idelosan.com\/#\/schema\/person\/image\/","url":"http:\/\/idelosan.com\/wp-content\/uploads\/2022\/03\/perfil-ESCRITOR-con-logo-transp-png-1-e1649415838775.png","contentUrl":"http:\/\/idelosan.com\/wp-content\/uploads\/2022\/03\/perfil-ESCRITOR-con-logo-transp-png-1-e1649415838775.png","width":250,"height":250,"caption":"Idelosan"},"logo":{"@id":"https:\/\/idelosan.com\/#\/schema\/person\/image\/"},"description":"Soy Iv\u00e1n de los \u00c1ngeles Company, de acr\u00f3nimo Idelosan, y aspiro a impactar al mundo con mis historias de acci\u00f3n, romance, terror o fantas\u00eda. \"Literatura de choque\" es el eslogan que me define.","sameAs":["http:\/\/idelosan.com","https:\/\/www.facebook.com\/Idelosanescritor\/","https:\/\/www.instagram.com\/idelosan"]}]}},"_links":{"self":[{"href":"https:\/\/idelosan.com\/index.php?rest_route=\/wp\/v2\/pages\/211","targetHints":{"allow":["GET"]}}],"collection":[{"href":"https:\/\/idelosan.com\/index.php?rest_route=\/wp\/v2\/pages"}],"about":[{"href":"https:\/\/idelosan.com\/index.php?rest_route=\/wp\/v2\/types\/page"}],"author":[{"embeddable":true,"href":"https:\/\/idelosan.com\/index.php?rest_route=\/wp\/v2\/users\/1"}],"replies":[{"embeddable":true,"href":"https:\/\/idelosan.com\/index.php?rest_route=%2Fwp%2Fv2%2Fcomments&post=211"}],"version-history":[{"count":1,"href":"https:\/\/idelosan.com\/index.php?rest_route=\/wp\/v2\/pages\/211\/revisions"}],"predecessor-version":[{"id":212,"href":"https:\/\/idelosan.com\/index.php?rest_route=\/wp\/v2\/pages\/211\/revisions\/212"}],"wp:attachment":[{"href":"https:\/\/idelosan.com\/index.php?rest_route=%2Fwp%2Fv2%2Fmedia&parent=211"}],"curies":[{"name":"wp","href":"https:\/\/api.w.org\/{rel}","templated":true}]}}