{"id":2,"date":"2020-09-24T19:38:29","date_gmt":"2020-09-24T19:38:29","guid":{"rendered":"http:\/\/idelosan.com\/?page_id=2"},"modified":"2023-10-14T10:27:14","modified_gmt":"2023-10-14T08:27:14","slug":"sample-page","status":"publish","type":"page","link":"https:\/\/idelosan.com\/?page_id=2","title":{"rendered":"Relatos Cortos"},"content":{"rendered":"\n<p>  <a href=\"https:\/\/idelosan.com\/?page_id=456\">El secreto de David <\/a> <br><em>\u00abSu familia siempre le dijo que era muy especial, que ten\u00eda que tener cuidado con c\u00f3mo se mostraba ante el mundo. Ahora lo entend\u00eda mejor que nunca: por menos de lo que a \u00e9l le hab\u00eda pasado por la cabeza, encerraban a la gente en psiqui\u00e1tricos.<\/em>..<em>.\u00bb<\/em><\/p>\n\n\n\n<p> <a href=\"https:\/\/idelosan.com\/?page_id=445\">El chico de las monta\u00f1as<\/a><br><em>\u00abTengo mucha rabia. Pedro es el que tendr\u00eda que morirse, no yo. Pedro es el que tiene la culpa de todo. Podr\u00eda dispararle a Pedro como si fuera un ciervo y todo ser\u00eda mejor, pero as\u00ed yo ser\u00eda muy malo y mi mam\u00e1 seguro que lo ver\u00eda.<\/em>.<em>.\u00bb<\/em> <\/p>\n\n\n\n<p> <a href=\"https:\/\/idelosan.com\/?page_id=427\">El secreto del guardabosques<\/a><br><em>\u00abPero ni siquiera all\u00ed, perdido en el monte, era capaz de escapar de las perturbaciones de su antigua vida. Estas le alcanzaron por primera vez en la forma de una carta de su madre, que lleg\u00f3 con retraso por la dificultad del servicio de correos para acceder a su remota direcci\u00f3n.\u00bb<\/em> <\/p>\n\n\n\n<p> <a href=\"https:\/\/idelosan.com\/?page_id=422\">La carga del valor<\/a><br><em>\u00abEch\u00f3 un vistazo a Lisa y vio en sus ojos el terror de verse en una circunstancia que superaba con creces sus peores presagios. \u00abVamos a morir todos aqu\u00ed\u00bb, pens\u00f3 Joseph, \u00abA menos que consiga que mantengamos la cabeza fr\u00eda\u00bb.\u00bb<\/em> <\/p>\n\n\n\n<p><a href=\"https:\/\/idelosan.com\/?page_id=414\">El h\u00e1lito delator<\/a><br><em>\u00abNo tengo m\u00f3vil, y no puedo gritar, ni siquiera exhalar, sin que esa bestia me encuentre primero. Miro a los rostros an\u00f3nimos que se me cruzan, furtivos, sumergidos en sus propias realidades. Reprimo mi sed mientras me empiezo a quedar sin ox\u00edgeno.\u00bb<\/em><\/p>\n\n\n\n<p> <a href=\"https:\/\/idelosan.com\/?page_id=409\">Silencio<\/a><br><em>\u00abAntes que nada, muchas gracias, se\u00f1ora Antonia, por permitirme realizarle esta entrevista acerca del asesinato de la chica del segundo piso y la detenci\u00f3n de sus vecinos de la planta baja. Debe ser duro para usted, siendo que usted vive en el primero&#8230;\u00bb<\/em> <\/p>\n\n\n\n<p> <a href=\"https:\/\/idelosan.com\/?page_id=401\" data-type=\"URL\" data-id=\"https:\/\/idelosan.com\/?page_id=401\">Negaci\u00f3n<\/a><br><em>\u00abJusto cuando me meto la tostada en la boca, veo c\u00f3mo se rompe la puerta de mi casa y un mont\u00f3n de polic\u00edas con mascarilla entran apunt\u00e1ndome con sus pistolas. No s\u00e9 por qu\u00e9 me da por coger la m\u00eda tambi\u00e9n. Mal hecho.\u00bb<\/em>  <\/p>\n\n\n\n<p><a href=\"https:\/\/idelosan.com\/?page_id=384\">El Ultrademonio<\/a><br><em>\u00ab\u2014Muy pronto les conocer\u00e1s \u2014dijo ella al fin, escupiendo sus palabras\u2014. Cuando vengan aqu\u00ed a ensartar tu cabeza en una estaca.\u00bb<\/em>  [* Relato ambientado por la intro de la canci\u00f3n \u00abRaining Blood\u00bb del grupo Slayer]<\/p>\n\n\n\n<p><a href=\"https:\/\/idelosan.com\/?page_id=394\">Muerte en alta definici\u00f3n<\/a><br><em>\u00abEl viejo jefe de polic\u00eda decidi\u00f3 pulsar el bot\u00f3n de grabar tan pronto como el ni\u00f1o empez\u00f3 a hablarse solo en la sala de interrogatorios. \u00c9l no entend\u00eda nada del idioma Wahilu, pero el an\u00e1lisis posterior de alg\u00fan experto quiz\u00e1s arrojar\u00eda luz sobre ese caso, sin duda el m\u00e1s extra\u00f1o de su carrera.\u00bb<\/em><\/p>\n\n\n\n<p><a href=\"https:\/\/idelosan.com\/?page_id=330\">El golpe<\/a><br><em>\u00ab\u00bfHas mirado demasiado Pulp Fiction o qu\u00e9, chaval? Estamos aqu\u00ed para hablar de nuestro pr\u00f3ximo atraco, no para cometerlo.\u00bb<\/em><\/p>\n\n\n\n<p><a href=\"https:\/\/idelosan.com\/?page_id=316\">El futuro de la humanidad<\/a><br><em>\u00abComp\u00f3rtate, recuerda que estamos siendo el primer registro de esta peque\u00f1a maravilla. Y su nombre no desmerece a su cometido, pues viajar\u00e1 en el tiempo hasta contemplar el final de la humanidad.\u00bb<\/em><\/p>\n\n\n\n<p><a href=\"https:\/\/idelosan.com\/?page_id=313\">El taxista<\/a><br><em>\u00abEl taxista detuvo abruptamente su narraci\u00f3n y se qued\u00f3 mirando a un punto fijo. Juli\u00e1n trag\u00f3 saliva.\u00bb<\/em><\/p>\n\n\n\n<p><a href=\"https:\/\/idelosan.com\/?page_id=307\">Sociofobia espacial<\/a><br><em>\u00abVolv\u00ed a mi dormitorio con una sensaci\u00f3n de euforia. Han pasado ya muchas horas, pero todav\u00eda sigo aqu\u00ed, intentando asimilar lo que ha pasado a medida que lo pongo por escrito.\u00bb<\/em><\/p>\n\n\n\n<p><a href=\"https:\/\/idelosan.com\/?page_id=301\">\u00bfNo todos los hombres&#8230;?<\/a><br><em>\u00abS\u00f3lo s\u00e9 que llevamos dos d\u00edas malviviendo en la jungla, robando y asaltando a estos aldeanos, \u00a1mat\u00e1ndolos! Y esto no es lo que yo quer\u00eda cuando me hice soldado.\u00bb<\/em><\/p>\n\n\n\n<p><a href=\"https:\/\/idelosan.com\/?page_id=294\">Vuelve el asesino de la motosierra<\/a><a href=\"https:\/\/idelosan.com\/?page_id=294\"><\/a><br><em>\u00ab(\u2026) Esta ser\u00eda la cuarta v\u00edctima, pues, del mismo asesino en serie que ya descuartiz\u00f3 al alcalde de la ciudad y a otros dos miembros de su equipo de Gobierno.\u00bb<\/em><\/p>\n\n\n\n<p><a href=\"https:\/\/idelosan.com\/?page_id=256\">La abominaci\u00f3n c\u00f3smica<\/a><br><em>\u00abSon\u00f3 la estridente se\u00f1al de una comunicaci\u00f3n de emergencia. Era del Gobierno de la Tierra. Richard y Bridget se miraron y tragaron saliva.\u00bb<\/em><\/p>\n\n\n\n<p><a href=\"https:\/\/idelosan.com\/?page_id=209\">Un hilo invisible<\/a><br><em>\u00ab\u00bfEra ella? Le\u00eda pl\u00e1cida y solitaria a la sombra de una palmera y levant\u00f3 la vista tan pronto como \u00e9l la vio. Ni sus blancos cabellos ni el rostro surcado por las arrugas fueron obst\u00e1culo para reconocer su fr\u00e1gil figura, sus ojos verdes y la radiante curva de su sonrisa.\u00bb<\/em><\/p>\n\n\n\n<p><a href=\"https:\/\/idelosan.com\/?page_id=248\">La culpa<\/a> <br><em>\u00abEch\u00f3 la primera pala de tierra sobre el cad\u00e1ver de su hijo convencido de que no era culpa suya, pero cuando lleg\u00f3 a la \u00faltima, supo que no pod\u00eda seguir enga\u00f1\u00e1ndose.\u00bb<\/em><\/p>\n\n\n\n<p><a href=\"https:\/\/idelosan.com\/?page_id=211\">Belleza salvaje<\/a><br><em>\u00abMir\u00f3 atr\u00e1s. El cazador parec\u00eda lejos pero el bosque era inh\u00f3spito, lleno de vegetaci\u00f3n muerta y afilada. La joven se enganch\u00f3 varias veces m\u00e1s en su torpe carrera\u00bb<\/em><\/p>\n\n\n\n<p><a href=\"https:\/\/idelosan.com\/?page_id=100\">Los tres cerdos<\/a><br><em>\u00abEl Se\u00f1or Lobo nunca se daba por vencido. Porque \u00e9l nunca fallaba\u00bb<\/em><\/p>\n\n\n\n<p><a href=\"https:\/\/idelosan.com\/?page_id=91\">Las caras del conflicto<\/a><br><em>\u00ab\u2014Necesitamos que te concentres. Vamos a entrar ya en la ciudad y no sabemos lo que vamos a encontrarnos. Hay infieles que van armados y son peligrosos. \u00bfMe entiendes, chico?\u00bb<\/em><\/p>\n\n\n\n<p><a href=\"https:\/\/idelosan.com\/?page_id=82\">Feliz cumplea\u00f1os, Zafiro<\/a><br>\u00ab<em>El inerte cuerpo de Lady Gyna, con un cuchillo clavado en la nuca como macabro ornamento, era mudo testigo del tormento de este asesino&#8230;<\/em>\u00ab<\/p>\n\n\n\n<p><a href=\"https:\/\/idelosan.com\/?page_id=85\">El Juramento Hipocr\u00e1tico<\/a><br><em>\u00abLa fuerza de los valores de Ricardo se puso a prueba ante una llamada telef\u00f3nica un diecinueve de abril de 2020, durante la cuarentena forzada a todos los ciudadanos que se estableci\u00f3 en Espa\u00f1a\u00bb<\/em><\/p>\n\n\n\n<p><a href=\"https:\/\/idelosan.com\/?page_id=94\">Deslumbramientos en cuarentena<\/a><br><em>\u00abEra el d\u00eda veinticuatro de cuarentena cuando \u00c1lex por fin pudo salir a la calle. La pandemia global del altervirus estaba en su m\u00e1ximo apogeo\u00bb<\/em><\/p>\n\n\n\n<p><a href=\"https:\/\/idelosan.com\/?page_id=97\">La decisi\u00f3n de Luigi<\/a><br><em>\u00abLuigi nunca se par\u00f3 a pensar en las presiones psicol\u00f3gicas a las que se enfrentar\u00eda siendo un polic\u00eda infiltrado; se lanz\u00f3 a la piscina sin preguntarse qu\u00e9 hab\u00eda debajo.\u00bb<\/em><\/p>\n\n\n\n<p><a href=\"https:\/\/idelosan.com\/?page_id=103\">Invocaci\u00f3n Equivocada<\/a><br><em>\u00abA Ver\u00f3nica no la conoc\u00eda tanto, pero su p\u00e9rdida es la primera que me ha tocado de lleno en mi vida, directamente. Una chica tan joven, tan buena\u2026\u00bb<\/em><\/p>\n\n\n\n<p><a href=\"https:\/\/idelosan.com\/?page_id=105\">El cazador del bosque<\/a><br><em>\u00abTras varios rodeos err\u00e1ticos, el frustrado cazador fue consciente de que, mientras no se despejara aquella blanca neblina, cada paso que diera no har\u00eda sino empeorar su situaci\u00f3n<\/em>\u00ab<\/p>\n\n\n\n<p><a href=\"https:\/\/idelosan.com\/?page_id=170\">Recuperar lo perdido<\/a><br><em>\u00abSe visualiz\u00f3 sentado en la mesa en la Nochebuena de hac\u00eda tres a\u00f1os, la \u00faltima que pudo disfrutar con sus padres justo antes del fatal accidente que le dejar\u00eda hu\u00e9rfano junto a su hermano&#8230;\u00bb<\/em><\/p>\n\n\n\n<p><a href=\"https:\/\/idelosan.com\/?page_id=213\">El fantasma de Ishinomaki<\/a><br><em>\u00ab\u00abQueridos compa\u00f1eros, s\u00e9 que no puedo estar a la altura de Shoji sama, pero os prometo que har\u00e9 lo posible para que salgamos adelante\u00bb\u00bb<\/em><\/p>\n\n\n\n<p><a href=\"https:\/\/idelosan.com\/?page_id=217\">El b\u00fanker de Jim<\/a><br><em>\u00abEl b\u00fanker, como les gustaba llamarlo, era una estancia di\u00e1fana y tan amplia como un piso peque\u00f1o que pretend\u00eda replicar las comodidades de un hogar a cuatro metros bajo tierra\u00bb<\/em><\/p>\n\n\n\n<p><a href=\"https:\/\/www.facebook.com\/permalink.php?story_fbid=192172045929317&amp;id=105935481219641\">Naci\u00f3 en Esparta<\/a><br><em>\u00abAfueras de la ciudad de Esparta, 480 a.C. \u00c1ltica se encontraba sola en casa, comiendo cerdo en sangre, cuando una sensaci\u00f3n h\u00fameda le irrumpi\u00f3 en la zona de la entrepierna. Mir\u00f3 abajo: hab\u00eda roto aguas.\u00bb<\/em><\/p>\n","protected":false},"excerpt":{"rendered":"<p>El secreto de David \u00abSu familia siempre le dijo que era muy especial, que ten\u00eda que tener cuidado con c\u00f3mo<\/p>\n<p><a href=\"https:\/\/idelosan.com\/?page_id=2\" class=\"more-link\">Seguir leyendo<span class=\"screen-reader-text\">Relatos Cortos<\/span><\/a><\/p>\n","protected":false},"author":1,"featured_media":0,"parent":0,"menu_order":0,"comment_status":"closed","ping_status":"open","template":"","meta":{"footnotes":""},"class_list":["post-2","page","type-page","status-publish","hentry"],"yoast_head":"<!-- This site is optimized with the Yoast SEO plugin v25.1 - https:\/\/yoast.com\/wordpress\/plugins\/seo\/ -->\n<title>Relatos Cortos - Iv\u00e1n de los \u00c1ngeles<\/title>\n<meta name=\"robots\" content=\"index, follow, max-snippet:-1, max-image-preview:large, max-video-preview:-1\" \/>\n<link rel=\"canonical\" href=\"https:\/\/idelosan.com\/?page_id=2\" \/>\n<meta property=\"og:locale\" content=\"es_ES\" \/>\n<meta property=\"og:type\" content=\"article\" \/>\n<meta property=\"og:title\" content=\"Relatos Cortos - Iv\u00e1n de los \u00c1ngeles\" \/>\n<meta property=\"og:description\" content=\"El secreto de David \u00abSu familia siempre le dijo que era muy especial, que ten\u00eda que tener cuidado con c\u00f3moSeguir leyendoRelatos Cortos\" \/>\n<meta property=\"og:url\" content=\"https:\/\/idelosan.com\/?page_id=2\" \/>\n<meta property=\"og:site_name\" content=\"Iv\u00e1n de los \u00c1ngeles\" \/>\n<meta property=\"article:publisher\" content=\"https:\/\/www.facebook.com\/Idelosanescritor\/\" \/>\n<meta property=\"article:modified_time\" content=\"2023-10-14T08:27:14+00:00\" \/>\n<meta name=\"twitter:card\" content=\"summary_large_image\" \/>\n<meta name=\"twitter:label1\" content=\"Tiempo de lectura\" \/>\n\t<meta name=\"twitter:data1\" content=\"6 minutos\" \/>\n<script type=\"application\/ld+json\" class=\"yoast-schema-graph\">{\"@context\":\"https:\/\/schema.org\",\"@graph\":[{\"@type\":\"WebPage\",\"@id\":\"https:\/\/idelosan.com\/?page_id=2\",\"url\":\"https:\/\/idelosan.com\/?page_id=2\",\"name\":\"Relatos Cortos - Iv\u00e1n de los \u00c1ngeles\",\"isPartOf\":{\"@id\":\"https:\/\/idelosan.com\/#website\"},\"datePublished\":\"2020-09-24T19:38:29+00:00\",\"dateModified\":\"2023-10-14T08:27:14+00:00\",\"breadcrumb\":{\"@id\":\"https:\/\/idelosan.com\/?page_id=2#breadcrumb\"},\"inLanguage\":\"es\",\"potentialAction\":[{\"@type\":\"ReadAction\",\"target\":[\"https:\/\/idelosan.com\/?page_id=2\"]}]},{\"@type\":\"BreadcrumbList\",\"@id\":\"https:\/\/idelosan.com\/?page_id=2#breadcrumb\",\"itemListElement\":[{\"@type\":\"ListItem\",\"position\":1,\"name\":\"Portada\",\"item\":\"https:\/\/idelosan.com\/\"},{\"@type\":\"ListItem\",\"position\":2,\"name\":\"Relatos Cortos\"}]},{\"@type\":\"WebSite\",\"@id\":\"https:\/\/idelosan.com\/#website\",\"url\":\"https:\/\/idelosan.com\/\",\"name\":\"Iv\u00e1n de los \u00c1ngeles\",\"description\":\"Literatura de choque; thriller, romance, terror y fantas\u00eda\",\"publisher\":{\"@id\":\"https:\/\/idelosan.com\/#\/schema\/person\/a31effc0ec3a561cc65b2e3a7531d304\"},\"potentialAction\":[{\"@type\":\"SearchAction\",\"target\":{\"@type\":\"EntryPoint\",\"urlTemplate\":\"https:\/\/idelosan.com\/?s={search_term_string}\"},\"query-input\":{\"@type\":\"PropertyValueSpecification\",\"valueRequired\":true,\"valueName\":\"search_term_string\"}}],\"inLanguage\":\"es\"},{\"@type\":[\"Person\",\"Organization\"],\"@id\":\"https:\/\/idelosan.com\/#\/schema\/person\/a31effc0ec3a561cc65b2e3a7531d304\",\"name\":\"Idelosan\",\"image\":{\"@type\":\"ImageObject\",\"inLanguage\":\"es\",\"@id\":\"https:\/\/idelosan.com\/#\/schema\/person\/image\/\",\"url\":\"http:\/\/idelosan.com\/wp-content\/uploads\/2022\/03\/perfil-ESCRITOR-con-logo-transp-png-1-e1649415838775.png\",\"contentUrl\":\"http:\/\/idelosan.com\/wp-content\/uploads\/2022\/03\/perfil-ESCRITOR-con-logo-transp-png-1-e1649415838775.png\",\"width\":250,\"height\":250,\"caption\":\"Idelosan\"},\"logo\":{\"@id\":\"https:\/\/idelosan.com\/#\/schema\/person\/image\/\"},\"description\":\"Soy Iv\u00e1n de los \u00c1ngeles Company, de acr\u00f3nimo Idelosan, y aspiro a impactar al mundo con mis historias de acci\u00f3n, romance, terror o fantas\u00eda. \\\"Literatura de choque\\\" es el eslogan que me define.\",\"sameAs\":[\"http:\/\/idelosan.com\",\"https:\/\/www.facebook.com\/Idelosanescritor\/\",\"https:\/\/www.instagram.com\/idelosan\"]}]}<\/script>\n<!-- \/ Yoast SEO plugin. -->","yoast_head_json":{"title":"Relatos Cortos - Iv\u00e1n de los \u00c1ngeles","robots":{"index":"index","follow":"follow","max-snippet":"max-snippet:-1","max-image-preview":"max-image-preview:large","max-video-preview":"max-video-preview:-1"},"canonical":"https:\/\/idelosan.com\/?page_id=2","og_locale":"es_ES","og_type":"article","og_title":"Relatos Cortos - Iv\u00e1n de los \u00c1ngeles","og_description":"El secreto de David \u00abSu familia siempre le dijo que era muy especial, que ten\u00eda que tener cuidado con c\u00f3moSeguir leyendoRelatos Cortos","og_url":"https:\/\/idelosan.com\/?page_id=2","og_site_name":"Iv\u00e1n de los \u00c1ngeles","article_publisher":"https:\/\/www.facebook.com\/Idelosanescritor\/","article_modified_time":"2023-10-14T08:27:14+00:00","twitter_card":"summary_large_image","twitter_misc":{"Tiempo de lectura":"6 minutos"},"schema":{"@context":"https:\/\/schema.org","@graph":[{"@type":"WebPage","@id":"https:\/\/idelosan.com\/?page_id=2","url":"https:\/\/idelosan.com\/?page_id=2","name":"Relatos Cortos - Iv\u00e1n de los \u00c1ngeles","isPartOf":{"@id":"https:\/\/idelosan.com\/#website"},"datePublished":"2020-09-24T19:38:29+00:00","dateModified":"2023-10-14T08:27:14+00:00","breadcrumb":{"@id":"https:\/\/idelosan.com\/?page_id=2#breadcrumb"},"inLanguage":"es","potentialAction":[{"@type":"ReadAction","target":["https:\/\/idelosan.com\/?page_id=2"]}]},{"@type":"BreadcrumbList","@id":"https:\/\/idelosan.com\/?page_id=2#breadcrumb","itemListElement":[{"@type":"ListItem","position":1,"name":"Portada","item":"https:\/\/idelosan.com\/"},{"@type":"ListItem","position":2,"name":"Relatos Cortos"}]},{"@type":"WebSite","@id":"https:\/\/idelosan.com\/#website","url":"https:\/\/idelosan.com\/","name":"Iv\u00e1n de los \u00c1ngeles","description":"Literatura de choque; thriller, romance, terror y fantas\u00eda","publisher":{"@id":"https:\/\/idelosan.com\/#\/schema\/person\/a31effc0ec3a561cc65b2e3a7531d304"},"potentialAction":[{"@type":"SearchAction","target":{"@type":"EntryPoint","urlTemplate":"https:\/\/idelosan.com\/?s={search_term_string}"},"query-input":{"@type":"PropertyValueSpecification","valueRequired":true,"valueName":"search_term_string"}}],"inLanguage":"es"},{"@type":["Person","Organization"],"@id":"https:\/\/idelosan.com\/#\/schema\/person\/a31effc0ec3a561cc65b2e3a7531d304","name":"Idelosan","image":{"@type":"ImageObject","inLanguage":"es","@id":"https:\/\/idelosan.com\/#\/schema\/person\/image\/","url":"http:\/\/idelosan.com\/wp-content\/uploads\/2022\/03\/perfil-ESCRITOR-con-logo-transp-png-1-e1649415838775.png","contentUrl":"http:\/\/idelosan.com\/wp-content\/uploads\/2022\/03\/perfil-ESCRITOR-con-logo-transp-png-1-e1649415838775.png","width":250,"height":250,"caption":"Idelosan"},"logo":{"@id":"https:\/\/idelosan.com\/#\/schema\/person\/image\/"},"description":"Soy Iv\u00e1n de los \u00c1ngeles Company, de acr\u00f3nimo Idelosan, y aspiro a impactar al mundo con mis historias de acci\u00f3n, romance, terror o fantas\u00eda. \"Literatura de choque\" es el eslogan que me define.","sameAs":["http:\/\/idelosan.com","https:\/\/www.facebook.com\/Idelosanescritor\/","https:\/\/www.instagram.com\/idelosan"]}]}},"_links":{"self":[{"href":"https:\/\/idelosan.com\/index.php?rest_route=\/wp\/v2\/pages\/2","targetHints":{"allow":["GET"]}}],"collection":[{"href":"https:\/\/idelosan.com\/index.php?rest_route=\/wp\/v2\/pages"}],"about":[{"href":"https:\/\/idelosan.com\/index.php?rest_route=\/wp\/v2\/types\/page"}],"author":[{"embeddable":true,"href":"https:\/\/idelosan.com\/index.php?rest_route=\/wp\/v2\/users\/1"}],"replies":[{"embeddable":true,"href":"https:\/\/idelosan.com\/index.php?rest_route=%2Fwp%2Fv2%2Fcomments&post=2"}],"version-history":[{"count":40,"href":"https:\/\/idelosan.com\/index.php?rest_route=\/wp\/v2\/pages\/2\/revisions"}],"predecessor-version":[{"id":743,"href":"https:\/\/idelosan.com\/index.php?rest_route=\/wp\/v2\/pages\/2\/revisions\/743"}],"wp:attachment":[{"href":"https:\/\/idelosan.com\/index.php?rest_route=%2Fwp%2Fv2%2Fmedia&parent=2"}],"curies":[{"name":"wp","href":"https:\/\/api.w.org\/{rel}","templated":true}]}}