{"id":170,"date":"2021-01-08T00:44:04","date_gmt":"2021-01-07T23:44:04","guid":{"rendered":"http:\/\/idelosan.com\/?page_id=170"},"modified":"2021-01-08T00:44:04","modified_gmt":"2021-01-07T23:44:04","slug":"recuperar-lo-perdido","status":"publish","type":"page","link":"https:\/\/idelosan.com\/?page_id=170","title":{"rendered":"Recuperar lo perdido"},"content":{"rendered":"\n<div class=\"wp-block-image\"><figure class=\"aligncenter size-large is-resized\"><img loading=\"lazy\" decoding=\"async\" src=\"http:\/\/idelosan.com\/wp-content\/uploads\/2021\/01\/recuperar.png\" alt=\"\" class=\"wp-image-176\" width=\"416\" height=\"313\" srcset=\"https:\/\/idelosan.com\/wp-content\/uploads\/2021\/01\/recuperar.png 584w, https:\/\/idelosan.com\/wp-content\/uploads\/2021\/01\/recuperar-300x226.png 300w, https:\/\/idelosan.com\/wp-content\/uploads\/2021\/01\/recuperar-440x330.png 440w\" sizes=\"auto, (max-width: 416px) 100vw, 416px\" \/><\/figure><\/div>\n\n\n\n<p>Rodrigo observ\u00f3 el sal\u00f3n. Los cubiertos, los canap\u00e9s, las copas\u2026 la mesa estaba lista. S\u00f3lo faltaban los adornos del \u00e1rbol y dem\u00e1s guirnaldas navide\u00f1as. Mir\u00f3 su reloj. Fue a la cocina y abri\u00f3 una rendija del horno para comprobar el pavo \u00abMartinal\u00bb, receta de su madre. Sonri\u00f3 al aspirar su aroma c\u00edtrico y meloso; lo estaba clavando. Se visualiz\u00f3 sentado en la mesa en la Nochebuena de hac\u00eda tres a\u00f1os, la \u00faltima que pudo disfrutar con sus padres justo antes del fatal accidente que le dejar\u00eda hu\u00e9rfano junto a su hermano.<\/p>\n\n\n\n<p>Volvi\u00f3 al comedor y se sent\u00f3 en el sof\u00e1. \u00bfD\u00f3nde estaba Julio? Sac\u00f3 el m\u00f3vil y lo llam\u00f3. No hubo respuesta. Abri\u00f3 su Whatsapp y grab\u00f3 un audio.<\/p>\n\n\n\n<p>\u2014Julio, \u00bfad\u00f3nde has ido a comprar adornos? No pierdas m\u00e1s el tiempo, ya hace media hora que te espero.<\/p>\n\n\n\n<p>Una pausa prolongada. Puls\u00f3 grabar de nuevo.<\/p>\n\n\n\n<p>\u2014\u00bfD\u00f3nde co\u00f1o est\u00e1s? \u00a1El abuelo est\u00e1 de camino!<\/p>\n\n\n\n<p>Son\u00f3 el timbre. Rodrigo se levant\u00f3, se puso mascarilla y fue a abrir. Era su abuelo. Lo salud\u00f3 con una sonrisa y un breve abrazo.<\/p>\n\n\n\n<p>\u2014Qu\u00e9 exagerado, abuelo, son las nueve y el toque de queda es a las once. \u00a1Con venir a y media era suficiente!<br>\u2014Exagerado t\u00fa que casi ni me tocas, con la de tiempo que hace que no nos vemos, \u00a1y eso que me quedo a dormir!<\/p>\n\n\n\n<p>Le ayud\u00f3 a quitarse la chaqueta y le hizo pasar a sentarse al sof\u00e1. Encendi\u00f3 el televisor y fue a la cocina.<br>\u2014\u00a1Qu\u00e9 buena pinta tiene todo! \u00bfY Julio?<br>\u2014Julio, eh\u2026 no tardar\u00e1.<\/p>\n\n\n\n<p>Rodrigo comprob\u00f3 de nuevo el pavo y se qued\u00f3 de pie en la cocina. \u00bfHizo bien dejando ir solo a Julio? Pasaban s\u00f3lo seis meses de su alta del centro psiqui\u00e1trico en el que estuvo retenido por m\u00e1s de un a\u00f1o, tras una honda fase depresiva que agrav\u00f3 su trastorno bipolar al sentirse culpable de la muerte de sus padres.<\/p>\n\n\n\n<p>\u2014Rodrigo, \u00bfno vienes?<br>\u2014Voy.<\/p>\n\n\n\n<p>Volvi\u00f3 al sal\u00f3n y se sent\u00f3 a mirar las noticias, intentando no darle m\u00e1s vueltas. Despu\u00e9s de todo, llevaba meses conviviendo con su hermano sin problemas y llevaba la medicaci\u00f3n al d\u00eda.<\/p>\n\n\n\n<p>En la pantalla, recordaban las medidas restrictivas contra el COVID19 en Nochebuena utilizando im\u00e1genes de archivo de fiestas multitudinarias, destacando que se empezar\u00eda a considerar delito penal la organizaci\u00f3n o asistencia a ellas.<br>\u2014Todo coronavirus, y m\u00e1s coronavirus. Qu\u00e9 fastidio.<br>\u2014No es para menos, abuelo. Est\u00e1 la cosa peor que nunca y a\u00fan gracias que podemos reunirnos nosotros tres.<br>\u2014Eso es verdad, tenemos salud, gracias a Dios\u2026 Y tu hermano, \u00bfc\u00f3mo est\u00e1?<br>\u2014Lleva ya medio a\u00f1o haciendo vida normal, con su trastorno controlado. Seguro que pronto encuentra trabajo.<br>\u2014\u00bfCu\u00e1ndo viene?<br>\u2014Ya deber\u00eda estar aqu\u00ed.<\/p>\n\n\n\n<p>Rodrigo se pas\u00f3 la mano por el pelo y desvi\u00f3 la mirada hacia el arbolito desnudo en su sal\u00f3n. Justo tres a\u00f1os atr\u00e1s pronunci\u00f3 esa misma frase mirando al bellamente engalanado \u00e1rbol de su casa familiar. \u00c9l ten\u00eda veinte a\u00f1os, su hermano quince. Sus padres y su abuelo, sentados a la mesa, esperaban a Julio con creciente incomodidad. Hab\u00edan quedado para adornar la casa en familia pero acabaron haci\u00e9ndolo sin \u00e9l, y a mitad cena su padre acab\u00f3 saliendo a buscarle.<\/p>\n\n\n\n<p>\u2014Tu hermano siempre ha sido tard\u00f3n, seguro que se ha entretenido por el camino\u2026 \u2014El abuelo pos\u00f3 su mano en el hombro de Rodrigo, retorn\u00e1ndolo al presente.<\/p>\n\n\n\n<p>Son\u00f3 la alarma del horno y se levant\u00f3 a apagarlo. Mir\u00f3 su reloj: las diez. Volvi\u00f3 con su abuelo. Vio en sus ojos lo mismo que en aquella Nochebuena de pesadilla. Rememor\u00f3 a Julio tambale\u00e1ndose como un mu\u00f1eco, sujetado por su padre enfurecido: \u00abLo he tenido que traer a rastras de la discoteca, estaba tirado por all\u00ed\u2026\u00bb. La congoja de su madre, tap\u00e1ndose la boca. La sorpresa al ver c\u00f3mo Julio ca\u00eda finalmente v\u00edctima del coma et\u00edlico. La espera interminable de la ambulancia. Las tajantes palabras de los ATS. \u00abSolamente dos acompa\u00f1antes\u00bb. Fue la \u00faltima vez que vio a sus padres con vida.<\/p>\n\n\n\n<p>\u2014Seguro que no tarda \u2014insisti\u00f3 el abuelo.<\/p>\n\n\n\n<p>Los minutos se ti\u00f1eron de la misma impotencia que tres a\u00f1os atr\u00e1s, cuando esperaban noticias tras la marcha de la ambulancia con la mirada perdida alternando entre adornos y luces de colores. La llamada de la esperanza se acab\u00f3 tornando en la peor noticia de su vida: la ambulancia se hab\u00eda accidentado y hab\u00edan muerto los dos acompa\u00f1antes.<\/p>\n\n\n\n<p>\u2014No puedo m\u00e1s.<\/p>\n\n\n\n<p>Corri\u00f3 hasta la habitaci\u00f3n de su hermano y rebusc\u00f3 entre el desorden. Un pastillero con litio de m\u00e1s y un flyer de su discoteca favorita fueron los \u00fanicos indicios que necesitaba. March\u00f3 hacia la salida.<br>\u2014\u00bfD\u00f3nde vas, Rodrigo?<br>\u2014Tranquilo, abuelo. Ahora vengo. \u2014Mir\u00f3 su reloj: Quince minutos para las once.<\/p>\n\n\n\n<p>Aparc\u00f3 cerca del descampado de la discoteca y rode\u00f3 a pie los alrededores, mirando a uno y otro lado. Nada; cerrada y vac\u00eda. Las once. No pudo volver al coche: vio desde la distancia a dos polic\u00edas recelosos inspeccionando el veh\u00edculo solitario.<\/p>\n\n\n\n<p>Corri\u00f3 hacia su casa temiendo ser detenido, escondi\u00e9ndose ante cualquier indicio de patrullas. Apretaba los dientes y lloraba. Un coche se le cruz\u00f3, par\u00f3 en seco. \u00c9l hizo adem\u00e1n de retroceder hasta que vio que era el de su abuelo. Se qued\u00f3 paralizado al ver de copiloto a su hermano Julio, con ojos vivaces sobre su mascarilla. \u00abSube\u00bb, le dijo.<\/p>\n\n\n\n<p>Llegaron a casa r\u00e1pido y sin percances. Con el coche en el garaje, Rodrigo, ya recuperado el aliento, cogi\u00f3 a Julio del brazo al bajar. \u00ab\u00bf\u00a1D\u00f3nde estabas!?\u00bb. El joven le acompa\u00f1\u00f3 al maletero y lo abri\u00f3.<br>\u2014Fui a la casa del pueblo a por los adornos de pap\u00e1 y mam\u00e1\u2026<br>\u2014Julio, no hac\u00eda falta traer todo esto. No has estado siguiendo la medicaci\u00f3n, \u00bfno?<br>\u2014Perd\u00f3name\u2026 me vine arriba, se me rompi\u00f3 el coche y la gr\u00faa no ven\u00eda\u2026<br>\u2014Sal\u00ed a buscaros y me lo top\u00e9, ven\u00eda a pie cargado con todo eso. \u2014El abuelo rio.<\/p>\n\n\n\n<p>Rodrigo abraz\u00f3 a su hermano con fuerza.<br>\u2014Anda, subamos y adornemos la casa juntos. Es todo lo que pido para estas navidades.<\/p>\n","protected":false},"excerpt":{"rendered":"<p>Rodrigo observ\u00f3 el sal\u00f3n. Los cubiertos, los canap\u00e9s, las copas\u2026 la mesa estaba lista. S\u00f3lo faltaban los adornos del \u00e1rbol<\/p>\n<p><a href=\"https:\/\/idelosan.com\/?page_id=170\" class=\"more-link\">Seguir leyendo<span class=\"screen-reader-text\">Recuperar lo perdido<\/span><\/a><\/p>\n","protected":false},"author":1,"featured_media":0,"parent":0,"menu_order":0,"comment_status":"open","ping_status":"closed","template":"","meta":{"footnotes":""},"class_list":["post-170","page","type-page","status-publish","hentry"],"yoast_head":"<!-- This site is optimized with the Yoast SEO plugin v25.1 - https:\/\/yoast.com\/wordpress\/plugins\/seo\/ -->\n<title>Recuperar lo perdido - Iv\u00e1n de los \u00c1ngeles<\/title>\n<meta name=\"robots\" content=\"index, follow, max-snippet:-1, max-image-preview:large, max-video-preview:-1\" \/>\n<link rel=\"canonical\" href=\"https:\/\/idelosan.com\/?page_id=170\" \/>\n<meta property=\"og:locale\" content=\"es_ES\" \/>\n<meta property=\"og:type\" content=\"article\" \/>\n<meta property=\"og:title\" content=\"Recuperar lo perdido - Iv\u00e1n de los \u00c1ngeles\" \/>\n<meta property=\"og:description\" content=\"Rodrigo observ\u00f3 el sal\u00f3n. Los cubiertos, los canap\u00e9s, las copas\u2026 la mesa estaba lista. S\u00f3lo faltaban los adornos del \u00e1rbolSeguir leyendoRecuperar lo perdido\" \/>\n<meta property=\"og:url\" content=\"https:\/\/idelosan.com\/?page_id=170\" \/>\n<meta property=\"og:site_name\" content=\"Iv\u00e1n de los \u00c1ngeles\" \/>\n<meta property=\"article:publisher\" content=\"https:\/\/www.facebook.com\/Idelosanescritor\/\" \/>\n<meta property=\"og:image\" content=\"http:\/\/idelosan.com\/wp-content\/uploads\/2021\/01\/recuperar.png\" \/>\n<meta name=\"twitter:card\" content=\"summary_large_image\" \/>\n<meta name=\"twitter:label1\" content=\"Tiempo de lectura\" \/>\n\t<meta name=\"twitter:data1\" content=\"5 minutos\" \/>\n<script type=\"application\/ld+json\" class=\"yoast-schema-graph\">{\"@context\":\"https:\/\/schema.org\",\"@graph\":[{\"@type\":\"WebPage\",\"@id\":\"https:\/\/idelosan.com\/?page_id=170\",\"url\":\"https:\/\/idelosan.com\/?page_id=170\",\"name\":\"Recuperar lo perdido - Iv\u00e1n de los \u00c1ngeles\",\"isPartOf\":{\"@id\":\"https:\/\/idelosan.com\/#website\"},\"primaryImageOfPage\":{\"@id\":\"https:\/\/idelosan.com\/?page_id=170#primaryimage\"},\"image\":{\"@id\":\"https:\/\/idelosan.com\/?page_id=170#primaryimage\"},\"thumbnailUrl\":\"http:\/\/idelosan.com\/wp-content\/uploads\/2021\/01\/recuperar.png\",\"datePublished\":\"2021-01-07T23:44:04+00:00\",\"breadcrumb\":{\"@id\":\"https:\/\/idelosan.com\/?page_id=170#breadcrumb\"},\"inLanguage\":\"es\",\"potentialAction\":[{\"@type\":\"ReadAction\",\"target\":[\"https:\/\/idelosan.com\/?page_id=170\"]}]},{\"@type\":\"ImageObject\",\"inLanguage\":\"es\",\"@id\":\"https:\/\/idelosan.com\/?page_id=170#primaryimage\",\"url\":\"https:\/\/idelosan.com\/wp-content\/uploads\/2021\/01\/recuperar.png\",\"contentUrl\":\"https:\/\/idelosan.com\/wp-content\/uploads\/2021\/01\/recuperar.png\",\"width\":584,\"height\":439},{\"@type\":\"BreadcrumbList\",\"@id\":\"https:\/\/idelosan.com\/?page_id=170#breadcrumb\",\"itemListElement\":[{\"@type\":\"ListItem\",\"position\":1,\"name\":\"Portada\",\"item\":\"https:\/\/idelosan.com\/\"},{\"@type\":\"ListItem\",\"position\":2,\"name\":\"Recuperar lo perdido\"}]},{\"@type\":\"WebSite\",\"@id\":\"https:\/\/idelosan.com\/#website\",\"url\":\"https:\/\/idelosan.com\/\",\"name\":\"Iv\u00e1n de los \u00c1ngeles\",\"description\":\"Literatura de choque; thriller, romance, terror y fantas\u00eda\",\"publisher\":{\"@id\":\"https:\/\/idelosan.com\/#\/schema\/person\/a31effc0ec3a561cc65b2e3a7531d304\"},\"potentialAction\":[{\"@type\":\"SearchAction\",\"target\":{\"@type\":\"EntryPoint\",\"urlTemplate\":\"https:\/\/idelosan.com\/?s={search_term_string}\"},\"query-input\":{\"@type\":\"PropertyValueSpecification\",\"valueRequired\":true,\"valueName\":\"search_term_string\"}}],\"inLanguage\":\"es\"},{\"@type\":[\"Person\",\"Organization\"],\"@id\":\"https:\/\/idelosan.com\/#\/schema\/person\/a31effc0ec3a561cc65b2e3a7531d304\",\"name\":\"Idelosan\",\"image\":{\"@type\":\"ImageObject\",\"inLanguage\":\"es\",\"@id\":\"https:\/\/idelosan.com\/#\/schema\/person\/image\/\",\"url\":\"http:\/\/idelosan.com\/wp-content\/uploads\/2022\/03\/perfil-ESCRITOR-con-logo-transp-png-1-e1649415838775.png\",\"contentUrl\":\"http:\/\/idelosan.com\/wp-content\/uploads\/2022\/03\/perfil-ESCRITOR-con-logo-transp-png-1-e1649415838775.png\",\"width\":250,\"height\":250,\"caption\":\"Idelosan\"},\"logo\":{\"@id\":\"https:\/\/idelosan.com\/#\/schema\/person\/image\/\"},\"description\":\"Soy Iv\u00e1n de los \u00c1ngeles Company, de acr\u00f3nimo Idelosan, y aspiro a impactar al mundo con mis historias de acci\u00f3n, romance, terror o fantas\u00eda. \\\"Literatura de choque\\\" es el eslogan que me define.\",\"sameAs\":[\"http:\/\/idelosan.com\",\"https:\/\/www.facebook.com\/Idelosanescritor\/\",\"https:\/\/www.instagram.com\/idelosan\"]}]}<\/script>\n<!-- \/ Yoast SEO plugin. -->","yoast_head_json":{"title":"Recuperar lo perdido - Iv\u00e1n de los \u00c1ngeles","robots":{"index":"index","follow":"follow","max-snippet":"max-snippet:-1","max-image-preview":"max-image-preview:large","max-video-preview":"max-video-preview:-1"},"canonical":"https:\/\/idelosan.com\/?page_id=170","og_locale":"es_ES","og_type":"article","og_title":"Recuperar lo perdido - Iv\u00e1n de los \u00c1ngeles","og_description":"Rodrigo observ\u00f3 el sal\u00f3n. Los cubiertos, los canap\u00e9s, las copas\u2026 la mesa estaba lista. S\u00f3lo faltaban los adornos del \u00e1rbolSeguir leyendoRecuperar lo perdido","og_url":"https:\/\/idelosan.com\/?page_id=170","og_site_name":"Iv\u00e1n de los \u00c1ngeles","article_publisher":"https:\/\/www.facebook.com\/Idelosanescritor\/","og_image":[{"url":"http:\/\/idelosan.com\/wp-content\/uploads\/2021\/01\/recuperar.png","type":"","width":"","height":""}],"twitter_card":"summary_large_image","twitter_misc":{"Tiempo de lectura":"5 minutos"},"schema":{"@context":"https:\/\/schema.org","@graph":[{"@type":"WebPage","@id":"https:\/\/idelosan.com\/?page_id=170","url":"https:\/\/idelosan.com\/?page_id=170","name":"Recuperar lo perdido - Iv\u00e1n de los \u00c1ngeles","isPartOf":{"@id":"https:\/\/idelosan.com\/#website"},"primaryImageOfPage":{"@id":"https:\/\/idelosan.com\/?page_id=170#primaryimage"},"image":{"@id":"https:\/\/idelosan.com\/?page_id=170#primaryimage"},"thumbnailUrl":"http:\/\/idelosan.com\/wp-content\/uploads\/2021\/01\/recuperar.png","datePublished":"2021-01-07T23:44:04+00:00","breadcrumb":{"@id":"https:\/\/idelosan.com\/?page_id=170#breadcrumb"},"inLanguage":"es","potentialAction":[{"@type":"ReadAction","target":["https:\/\/idelosan.com\/?page_id=170"]}]},{"@type":"ImageObject","inLanguage":"es","@id":"https:\/\/idelosan.com\/?page_id=170#primaryimage","url":"https:\/\/idelosan.com\/wp-content\/uploads\/2021\/01\/recuperar.png","contentUrl":"https:\/\/idelosan.com\/wp-content\/uploads\/2021\/01\/recuperar.png","width":584,"height":439},{"@type":"BreadcrumbList","@id":"https:\/\/idelosan.com\/?page_id=170#breadcrumb","itemListElement":[{"@type":"ListItem","position":1,"name":"Portada","item":"https:\/\/idelosan.com\/"},{"@type":"ListItem","position":2,"name":"Recuperar lo perdido"}]},{"@type":"WebSite","@id":"https:\/\/idelosan.com\/#website","url":"https:\/\/idelosan.com\/","name":"Iv\u00e1n de los \u00c1ngeles","description":"Literatura de choque; thriller, romance, terror y fantas\u00eda","publisher":{"@id":"https:\/\/idelosan.com\/#\/schema\/person\/a31effc0ec3a561cc65b2e3a7531d304"},"potentialAction":[{"@type":"SearchAction","target":{"@type":"EntryPoint","urlTemplate":"https:\/\/idelosan.com\/?s={search_term_string}"},"query-input":{"@type":"PropertyValueSpecification","valueRequired":true,"valueName":"search_term_string"}}],"inLanguage":"es"},{"@type":["Person","Organization"],"@id":"https:\/\/idelosan.com\/#\/schema\/person\/a31effc0ec3a561cc65b2e3a7531d304","name":"Idelosan","image":{"@type":"ImageObject","inLanguage":"es","@id":"https:\/\/idelosan.com\/#\/schema\/person\/image\/","url":"http:\/\/idelosan.com\/wp-content\/uploads\/2022\/03\/perfil-ESCRITOR-con-logo-transp-png-1-e1649415838775.png","contentUrl":"http:\/\/idelosan.com\/wp-content\/uploads\/2022\/03\/perfil-ESCRITOR-con-logo-transp-png-1-e1649415838775.png","width":250,"height":250,"caption":"Idelosan"},"logo":{"@id":"https:\/\/idelosan.com\/#\/schema\/person\/image\/"},"description":"Soy Iv\u00e1n de los \u00c1ngeles Company, de acr\u00f3nimo Idelosan, y aspiro a impactar al mundo con mis historias de acci\u00f3n, romance, terror o fantas\u00eda. \"Literatura de choque\" es el eslogan que me define.","sameAs":["http:\/\/idelosan.com","https:\/\/www.facebook.com\/Idelosanescritor\/","https:\/\/www.instagram.com\/idelosan"]}]}},"_links":{"self":[{"href":"https:\/\/idelosan.com\/index.php?rest_route=\/wp\/v2\/pages\/170","targetHints":{"allow":["GET"]}}],"collection":[{"href":"https:\/\/idelosan.com\/index.php?rest_route=\/wp\/v2\/pages"}],"about":[{"href":"https:\/\/idelosan.com\/index.php?rest_route=\/wp\/v2\/types\/page"}],"author":[{"embeddable":true,"href":"https:\/\/idelosan.com\/index.php?rest_route=\/wp\/v2\/users\/1"}],"replies":[{"embeddable":true,"href":"https:\/\/idelosan.com\/index.php?rest_route=%2Fwp%2Fv2%2Fcomments&post=170"}],"version-history":[{"count":1,"href":"https:\/\/idelosan.com\/index.php?rest_route=\/wp\/v2\/pages\/170\/revisions"}],"predecessor-version":[{"id":207,"href":"https:\/\/idelosan.com\/index.php?rest_route=\/wp\/v2\/pages\/170\/revisions\/207"}],"wp:attachment":[{"href":"https:\/\/idelosan.com\/index.php?rest_route=%2Fwp%2Fv2%2Fmedia&parent=170"}],"curies":[{"name":"wp","href":"https:\/\/api.w.org\/{rel}","templated":true}]}}