{"id":100,"date":"2021-01-06T00:30:08","date_gmt":"2021-01-05T23:30:08","guid":{"rendered":"http:\/\/idelosan.com\/?page_id=100"},"modified":"2021-01-07T00:35:37","modified_gmt":"2021-01-06T23:35:37","slug":"los-tres-cerdos","status":"publish","type":"page","link":"https:\/\/idelosan.com\/?page_id=100","title":{"rendered":"Los tres cerdos"},"content":{"rendered":"\n<h6 class=\"wp-block-heading\">O\u2026 \u00abUn d\u00eda en la vida del Sr Lobo\u00bb<\/h6>\n\n\n\n<div class=\"wp-block-image\"><figure class=\"aligncenter size-large\"><img loading=\"lazy\" decoding=\"async\" width=\"561\" height=\"303\" src=\"https:\/\/idelosan.com\/wp-content\/uploads\/2021\/01\/cerdos.png\" alt=\"\" class=\"wp-image-141\" srcset=\"https:\/\/idelosan.com\/wp-content\/uploads\/2021\/01\/cerdos.png 561w, https:\/\/idelosan.com\/wp-content\/uploads\/2021\/01\/cerdos-300x162.png 300w\" sizes=\"auto, (max-width: 561px) 100vw, 561px\" \/><\/figure><\/div>\n\n\n\n<p>Un Akura gris plateado rug\u00eda sobre al asfalto, a casi cien kil\u00f3metros por hora. Los t\u00e9tricos suburbios, el vertedero de la gran ciudad, cambiaron r\u00e1pidamente a un paisaje crudo, salvaje, los ra\u00edles de una autov\u00eda a rebosar bajo la oscuridad de la noche. Al flamante deportivo le preced\u00eda una vieja chatarra roja, incapaz de mantener la distancia con su perseguidor. Su temerario conductor sorteaba los camiones como un kamikaze, atravesaba el camino plagado de g\u00f3lems de gas\u00f3leo y metal como si de simples baches se trataran.<\/p>\n\n\n\n<p>Al conductor del Akura le son\u00f3 el tel\u00e9fono m\u00f3vil. Contest\u00f3 r\u00e1pido, en un fugaz movimiento se coloc\u00f3 el auricular sin quitar los ojos de la carretera.<br>-Se\u00f1or Lobo, solucionador de problemas. D\u00edgame.<br>-\u00bfYa has matado al cerdo?<br>-A\u00fan no. Destroc\u00e9 el tugurio en el que se escond\u00eda, pero el bastardo logr\u00f3 huir. Ha salido de las afueras, y ahora parece que va en direcci\u00f3n a la ciudad.<br>-Sin duda, busca el apoyo de sus hermanos. Mejor, me deshar\u00e9 de tres p\u00e1jaros de un tiro.<br>-Perm\u00edtame que le diga, caballero, que usted me contrat\u00f3 solamente para acabar con un cerdo y requisar o destruir su mercanc\u00eda.<br>-Acaba con todos en el tiempo acordado, y te pagar\u00e9 por triplicado. \u00bfCrees que podr\u00e1s hacerlo?<br>-Esto est\u00e1 hecho. \u2013el hombre consult\u00f3 su reloj de mu\u00f1eca- S\u00ed, todo est\u00e1 controlado. Johnny \u201cel pobre\u201d es uno de ellos \u00bfno?<br>-Efectivamente. Espero que no le cogiera cari\u00f1o a ese hijo de perra cuando trabaj\u00f3 para \u00e9l\u2026 ahora soy yo quien le pago.<br>-\u00bfQu\u00e9 clase de profesional cree que soy? No me ofenda, caballero.<br>-Recuerde que deber\u00e1 darse prisa si quiere cobrar su trabajo. Y que no tenemos ninguna pista de d\u00f3nde van a esconder el malet\u00edn esos cabrones\u2026<br>-Yo nunca fallo, Marsellus, lo sabe bien. Ahora, si me permite, tengo trabajo que hacer.<\/p>\n\n\n\n<p>El Se\u00f1or Lobo dej\u00f3 el tel\u00e9fono en el asiento del copiloto cuando vio que, delante de \u00e9l, el viejo Ford de su presa viraba bruscamente hacia la derecha, en direcci\u00f3n a la salida de la autopista. El Akura lo ten\u00eda imposible para seguirle sin morder el polvo, pues un enorme cami\u00f3n se interpon\u00eda entre \u00e9l y el carril de desaceleraci\u00f3n. El Se\u00f1or Lobo, eso s\u00ed, nunca se daba por vencido. Porque \u00e9l nunca fallaba. Con una sonrisa en la boca, el autoproclamado \u201csolucionador de problemas\u201d observ\u00f3 que quedaba escaso medio kil\u00f3metro hasta la siguiente salida a la ciudad. Se le ocurri\u00f3 un plan B.<\/p>\n\n\n\n<p>Dej\u00e1ndose de juegos, exprimi\u00f3 el motor de su coche al tope. S\u00f3lo quedaban treinta minutos.<\/p>\n\n\n\n<p>El desgastado coche rojo aparc\u00f3 a las puertas de un peque\u00f1o y viejo almac\u00e9n abandonado. Su propietario sali\u00f3 atropelladamente, abri\u00f3 la puerta del asiento trasero, sac\u00f3 un malet\u00edn de all\u00ed, y se lo llev\u00f3 hacia dentro del edificio. En la negrura reinante esperaba otro mat\u00f3n portando una peque\u00f1a linterna.<\/p>\n\n\n\n<p>-\u00a1Hermano!<br>-\u00bfLlevas la mercanc\u00eda?<br>-S\u00ed, aqu\u00ed est\u00e1.<br>-Est\u00fapido, \u00bfcomo es que te dejaste encontrar? Es la \u00faltima vez que me meto en los tontos planes de mi hermano peque\u00f1o.<br>-No te preocupes macho, que al final todo ha salido de lujo. Desde la \u00faltima vez que hemos hablado, logr\u00e9 perder de vista a aquel tipo, el\u2026 \u00bfc\u00f3mo se llamaba?<br>-El Se\u00f1or Lobo, idiota. Es un hijo de puta muy eficiente, \u00bfest\u00e1s seguro de haberlo burlado?<br>-Seguro. Vamos, no s\u00e9 por qu\u00e9 te da tanto miedo ese capullo, \u00a1ya no hay nada que temer! Tenemos el malet\u00edn, tenemos nuestro escondite, y\u2026<br>-Y a\u00fan no estamos los tres reunidos, y el comprador tardar\u00e1 en llegar. No cantes victoria tan pronto, joder. S\u00f3lo dios sabe lo que podr\u00eda pasar si Lobo nos encontrara. \u00bfC\u00f3mo te atac\u00f3? \u00bfC\u00f3mo lograste escapar?<br>-Estaba tan tranquilamente compr\u00e1ndole unos gramos a Benny, cuando ese tipo empez\u00f3 a coser su garito a tiros. Escap\u00e9 por los pelos.<br>-\u00bfBenny? \u00bfEl negro tuerto?<br>-S\u00ed t\u00edo, el mismo. Creo que aquel cabronazo lo convirti\u00f3 en un colador junto al resto de su casa.<br>-Oh, vamos, \u00a1vaya mierda, chaval! \u00a1Era el \u00fanico camello de confianza en toda la puta ciudad!<br>-Ey calma t\u00edo, yo no ten\u00eda ninguna culpa de estar en la casa del jodido negro cuando el lobito feroz vino a fre\u00edrnos el culo.<br>-Ahora dime hermano, \u00bfc\u00f3mo cojones vamos a conseguir buena mierda barata en esta ciudad ahora mismo, eh?<br>-Mira, Bob, ya te dije que\u2026<br>-No, no t\u00edo. Quiero que me digas d\u00f3nde co\u00f1o piensas encontrar buena mier\u2026<br>-\u00a1Oh, mira! \u2013el joven desvi\u00f3 su atenci\u00f3n hacia la puerta abierta del almac\u00e9n- \u00a1Ya ha venido Johnny!<\/p>\n\n\n\n<p>Un segundo coche aparc\u00f3 junto al sucio Ford rojo. Se trataba de un Porsche gris azulado, del cual baj\u00f3 un hombre maduro, vestido con un exquisito traje de Armani y gafas de sol cubri\u00e9ndole los ojos.<\/p>\n\n\n\n<p>-\u00a1Hey, Johnny! \u2013el m\u00e1s peque\u00f1o de los hermanos se fue a abrazar a su consangu\u00edneo- \u00a1Ya era hora, capullo!<br>-Ey, ey, c\u00e1lmate chaval, vas ensuciarme el traje. \u00bfPero t\u00fa de d\u00f3nde demonios sales? \u2013el gal\u00e1n observ\u00f3, con desaprobaci\u00f3n, las ropas cubiertas de polvo de su hermano.<br>-Tenemos problemas, Johnny \u2013interrumpi\u00f3 el hermano mediano-. Y grandes. El capullo de Jim nos ha metido hasta las cejas con su embrollo\u2026 el gordo contrat\u00f3 al Se\u00f1or Lobo.<br>-\u00a1\u00bfQu\u00e9?!<br>-No s\u00e9 que le veis de terrible a ese tipo, la verdad. \u2013contest\u00f3 Jimmy.<br>-Esto no me gusta nada, t\u00edos. No vale la pena sacar beneficio de esto. Yo renuncio. No quiero saber nada.<\/p>\n\n\n\n<p>Johnny fue r\u00e1pidamente hacia su Porsche con intenci\u00f3n de volver a su casa, cuando se fij\u00f3 aterrorizado en que hab\u00eda otro autom\u00f3vil m\u00e1s all\u00ed aparcado. Su propietario, con una sonrisa en la cara y una AK-47 en su mano, acribill\u00f3 all\u00ed mismo al que antes fue su cliente, cuando \u00e9ste apenas logr\u00f3 alcanzar a sacarse las llaves del bolsillo. Presos del p\u00e1nico, los dos hermanos a\u00fan dentro del almac\u00e9n huyeron escaleras arriba entre la negrura empu\u00f1ando pistolas Colt, inofensivas contra la artiller\u00eda del Se\u00f1or Lobo. Este \u00faltimo, con inusitada parsimonia, sigui\u00f3 a ambos hombres hasta el segundo y \u00faltimo piso del edificio. Al llegar arriba, un par de r\u00e1fagas intimidatorias de la potente arma fueron suficientes para impulsar a ambos hermanos a saltar por la ventana, cogerle las llaves del suelo a su fallecido pariente, y escapar a toda prisa con su berlina, no sin antes reventar una rueda del Akura de un disparo. Lobo los imit\u00f3 y cogi\u00f3 su autom\u00f3vil, pero sin la menor intenci\u00f3n de perseguirles a ellos. Puls\u00f3 una peque\u00f1a palanca oculta en su tablero de mandos, y con el s\u00f3lo pulsar de un par de botones el coche se elev\u00f3 en el sitio y procedi\u00f3 a reemplazar el neum\u00e1tico afectado autom\u00e1ticamente. Mientras esperaba, puso a buen recaudo el malet\u00edn que aquellos infelices soltaron al salir, y tras mirar su reloj decidi\u00f3 simplemente arrancar su Akura y partir con el objetivo de buscar una tribuna decente para su espect\u00e1culo. Lobo sonri\u00f3, complacido con la idea de poder conducir ligero de nuevo, libre de la descomunal carga que llevaba antes en el maletero.<\/p>\n\n\n\n<p>Subido a la azotea del primer edificio que vio en su camino de vuelta hacia la casa de Johnny, Lobo cogi\u00f3 sus prism\u00e1ticos y observ\u00f3 paciente el exterior de aquella peque\u00f1a y lujosa mansi\u00f3n de g\u00e1ngster afortunado. Mir\u00f3 su reloj: quedaban s\u00f3lo un par de minutos para el fracaso de la misi\u00f3n. \u201cCalma Walter, tu instinto nunca te ha fallado. S\u00f3lo espera a que esos dos muerdan el anzuelo\u201d.<\/p>\n\n\n\n<p>A falta de un minuto del cero en la cuenta atr\u00e1s de su reloj, el Se\u00f1or Lobo vio el esperado Porsche entrando en el garaje de la lejana mansi\u00f3n, sin prisas. Puls\u00f3 un bot\u00f3n en su tel\u00e9fono, y un fogonazo de fuego y humo proveniente de cien kilos de explosivo monopoliz\u00f3 la visi\u00f3n de sus binoculares, sustituyendo el pintoresco frontal del caser\u00f3n defendido por varios vigilantes que estaba viendo hace un momento. A falta de treinta segundos, hab\u00eda completado la misi\u00f3n.<\/p>\n\n\n\n<p>Ya relajado, Lobo sinti\u00f3 curiosidad por el malet\u00edn que acababa de salvar. Lo abri\u00f3, y grande fue su sorpresa al visionar su contenido: \u00e9l esperaba droga, dinero, diamantes\u2026 pero definitivamente no un buen mont\u00f3n de fotos pornogr\u00e1ficas muy expl\u00edcitas, protagonizadas por aquel muerto de hambre de Jim y\u2026 la mism\u00edsima hija adolescente de Marsellus Wallace.<\/p>\n\n\n\n<p>El sonido del tel\u00e9fono m\u00f3vil sobresalt\u00f3 a Lobo.<\/p>\n\n\n\n<p>-\u00bfS\u00ed?<br>-\u00bfLobo? \u00bfEst\u00e1n ya todos muertos?<br>-Los tres cerditos est\u00e1n bien asados a la parrilla.<br>-\u00bfConseguiste el malet\u00edn, o lo destruiste?<br>-Lo tengo en mis manos, Marsellus.<br>-Bien. Ni se te ocurra abrirlo por nada del mundo, \u00bfme oyes? Te espero en mi casa.<\/p>\n","protected":false},"excerpt":{"rendered":"<p>O\u2026 \u00abUn d\u00eda en la vida del Sr Lobo\u00bb Un Akura gris plateado rug\u00eda sobre al asfalto, a casi cien<\/p>\n<p><a href=\"https:\/\/idelosan.com\/?page_id=100\" class=\"more-link\">Seguir leyendo<span class=\"screen-reader-text\">Los tres cerdos<\/span><\/a><\/p>\n","protected":false},"author":1,"featured_media":0,"parent":0,"menu_order":0,"comment_status":"open","ping_status":"closed","template":"","meta":{"footnotes":""},"class_list":["post-100","page","type-page","status-publish","hentry"],"yoast_head":"<!-- This site is optimized with the Yoast SEO plugin v25.1 - https:\/\/yoast.com\/wordpress\/plugins\/seo\/ -->\n<title>Los tres cerdos - Iv\u00e1n de los \u00c1ngeles<\/title>\n<meta name=\"robots\" content=\"index, follow, max-snippet:-1, max-image-preview:large, max-video-preview:-1\" \/>\n<link rel=\"canonical\" href=\"https:\/\/idelosan.com\/?page_id=100\" \/>\n<meta property=\"og:locale\" content=\"es_ES\" \/>\n<meta property=\"og:type\" content=\"article\" \/>\n<meta property=\"og:title\" content=\"Los tres cerdos - Iv\u00e1n de los \u00c1ngeles\" \/>\n<meta property=\"og:description\" content=\"O\u2026 \u00abUn d\u00eda en la vida del Sr Lobo\u00bb Un Akura gris plateado rug\u00eda sobre al asfalto, a casi cienSeguir leyendoLos tres cerdos\" \/>\n<meta property=\"og:url\" content=\"https:\/\/idelosan.com\/?page_id=100\" \/>\n<meta property=\"og:site_name\" content=\"Iv\u00e1n de los \u00c1ngeles\" \/>\n<meta property=\"article:publisher\" content=\"https:\/\/www.facebook.com\/Idelosanescritor\/\" \/>\n<meta property=\"article:modified_time\" content=\"2021-01-06T23:35:37+00:00\" \/>\n<meta property=\"og:image\" content=\"https:\/\/idelosan.com\/wp-content\/uploads\/2021\/01\/cerdos.png\" \/>\n<meta name=\"twitter:card\" content=\"summary_large_image\" \/>\n<meta name=\"twitter:label1\" content=\"Tiempo de lectura\" \/>\n\t<meta name=\"twitter:data1\" content=\"8 minutos\" \/>\n<script type=\"application\/ld+json\" class=\"yoast-schema-graph\">{\"@context\":\"https:\/\/schema.org\",\"@graph\":[{\"@type\":\"WebPage\",\"@id\":\"https:\/\/idelosan.com\/?page_id=100\",\"url\":\"https:\/\/idelosan.com\/?page_id=100\",\"name\":\"Los tres cerdos - Iv\u00e1n de los \u00c1ngeles\",\"isPartOf\":{\"@id\":\"https:\/\/idelosan.com\/#website\"},\"primaryImageOfPage\":{\"@id\":\"https:\/\/idelosan.com\/?page_id=100#primaryimage\"},\"image\":{\"@id\":\"https:\/\/idelosan.com\/?page_id=100#primaryimage\"},\"thumbnailUrl\":\"https:\/\/idelosan.com\/wp-content\/uploads\/2021\/01\/cerdos.png\",\"datePublished\":\"2021-01-05T23:30:08+00:00\",\"dateModified\":\"2021-01-06T23:35:37+00:00\",\"breadcrumb\":{\"@id\":\"https:\/\/idelosan.com\/?page_id=100#breadcrumb\"},\"inLanguage\":\"es\",\"potentialAction\":[{\"@type\":\"ReadAction\",\"target\":[\"https:\/\/idelosan.com\/?page_id=100\"]}]},{\"@type\":\"ImageObject\",\"inLanguage\":\"es\",\"@id\":\"https:\/\/idelosan.com\/?page_id=100#primaryimage\",\"url\":\"https:\/\/idelosan.com\/wp-content\/uploads\/2021\/01\/cerdos.png\",\"contentUrl\":\"https:\/\/idelosan.com\/wp-content\/uploads\/2021\/01\/cerdos.png\",\"width\":561,\"height\":303},{\"@type\":\"BreadcrumbList\",\"@id\":\"https:\/\/idelosan.com\/?page_id=100#breadcrumb\",\"itemListElement\":[{\"@type\":\"ListItem\",\"position\":1,\"name\":\"Portada\",\"item\":\"https:\/\/idelosan.com\/\"},{\"@type\":\"ListItem\",\"position\":2,\"name\":\"Los tres cerdos\"}]},{\"@type\":\"WebSite\",\"@id\":\"https:\/\/idelosan.com\/#website\",\"url\":\"https:\/\/idelosan.com\/\",\"name\":\"Iv\u00e1n de los \u00c1ngeles\",\"description\":\"Literatura de choque; thriller, romance, terror y fantas\u00eda\",\"publisher\":{\"@id\":\"https:\/\/idelosan.com\/#\/schema\/person\/a31effc0ec3a561cc65b2e3a7531d304\"},\"potentialAction\":[{\"@type\":\"SearchAction\",\"target\":{\"@type\":\"EntryPoint\",\"urlTemplate\":\"https:\/\/idelosan.com\/?s={search_term_string}\"},\"query-input\":{\"@type\":\"PropertyValueSpecification\",\"valueRequired\":true,\"valueName\":\"search_term_string\"}}],\"inLanguage\":\"es\"},{\"@type\":[\"Person\",\"Organization\"],\"@id\":\"https:\/\/idelosan.com\/#\/schema\/person\/a31effc0ec3a561cc65b2e3a7531d304\",\"name\":\"Idelosan\",\"image\":{\"@type\":\"ImageObject\",\"inLanguage\":\"es\",\"@id\":\"https:\/\/idelosan.com\/#\/schema\/person\/image\/\",\"url\":\"http:\/\/idelosan.com\/wp-content\/uploads\/2022\/03\/perfil-ESCRITOR-con-logo-transp-png-1-e1649415838775.png\",\"contentUrl\":\"http:\/\/idelosan.com\/wp-content\/uploads\/2022\/03\/perfil-ESCRITOR-con-logo-transp-png-1-e1649415838775.png\",\"width\":250,\"height\":250,\"caption\":\"Idelosan\"},\"logo\":{\"@id\":\"https:\/\/idelosan.com\/#\/schema\/person\/image\/\"},\"description\":\"Soy Iv\u00e1n de los \u00c1ngeles Company, de acr\u00f3nimo Idelosan, y aspiro a impactar al mundo con mis historias de acci\u00f3n, romance, terror o fantas\u00eda. \\\"Literatura de choque\\\" es el eslogan que me define.\",\"sameAs\":[\"http:\/\/idelosan.com\",\"https:\/\/www.facebook.com\/Idelosanescritor\/\",\"https:\/\/www.instagram.com\/idelosan\"]}]}<\/script>\n<!-- \/ Yoast SEO plugin. -->","yoast_head_json":{"title":"Los tres cerdos - Iv\u00e1n de los \u00c1ngeles","robots":{"index":"index","follow":"follow","max-snippet":"max-snippet:-1","max-image-preview":"max-image-preview:large","max-video-preview":"max-video-preview:-1"},"canonical":"https:\/\/idelosan.com\/?page_id=100","og_locale":"es_ES","og_type":"article","og_title":"Los tres cerdos - Iv\u00e1n de los \u00c1ngeles","og_description":"O\u2026 \u00abUn d\u00eda en la vida del Sr Lobo\u00bb Un Akura gris plateado rug\u00eda sobre al asfalto, a casi cienSeguir leyendoLos tres cerdos","og_url":"https:\/\/idelosan.com\/?page_id=100","og_site_name":"Iv\u00e1n de los \u00c1ngeles","article_publisher":"https:\/\/www.facebook.com\/Idelosanescritor\/","article_modified_time":"2021-01-06T23:35:37+00:00","og_image":[{"url":"https:\/\/idelosan.com\/wp-content\/uploads\/2021\/01\/cerdos.png","type":"","width":"","height":""}],"twitter_card":"summary_large_image","twitter_misc":{"Tiempo de lectura":"8 minutos"},"schema":{"@context":"https:\/\/schema.org","@graph":[{"@type":"WebPage","@id":"https:\/\/idelosan.com\/?page_id=100","url":"https:\/\/idelosan.com\/?page_id=100","name":"Los tres cerdos - Iv\u00e1n de los \u00c1ngeles","isPartOf":{"@id":"https:\/\/idelosan.com\/#website"},"primaryImageOfPage":{"@id":"https:\/\/idelosan.com\/?page_id=100#primaryimage"},"image":{"@id":"https:\/\/idelosan.com\/?page_id=100#primaryimage"},"thumbnailUrl":"https:\/\/idelosan.com\/wp-content\/uploads\/2021\/01\/cerdos.png","datePublished":"2021-01-05T23:30:08+00:00","dateModified":"2021-01-06T23:35:37+00:00","breadcrumb":{"@id":"https:\/\/idelosan.com\/?page_id=100#breadcrumb"},"inLanguage":"es","potentialAction":[{"@type":"ReadAction","target":["https:\/\/idelosan.com\/?page_id=100"]}]},{"@type":"ImageObject","inLanguage":"es","@id":"https:\/\/idelosan.com\/?page_id=100#primaryimage","url":"https:\/\/idelosan.com\/wp-content\/uploads\/2021\/01\/cerdos.png","contentUrl":"https:\/\/idelosan.com\/wp-content\/uploads\/2021\/01\/cerdos.png","width":561,"height":303},{"@type":"BreadcrumbList","@id":"https:\/\/idelosan.com\/?page_id=100#breadcrumb","itemListElement":[{"@type":"ListItem","position":1,"name":"Portada","item":"https:\/\/idelosan.com\/"},{"@type":"ListItem","position":2,"name":"Los tres cerdos"}]},{"@type":"WebSite","@id":"https:\/\/idelosan.com\/#website","url":"https:\/\/idelosan.com\/","name":"Iv\u00e1n de los \u00c1ngeles","description":"Literatura de choque; thriller, romance, terror y fantas\u00eda","publisher":{"@id":"https:\/\/idelosan.com\/#\/schema\/person\/a31effc0ec3a561cc65b2e3a7531d304"},"potentialAction":[{"@type":"SearchAction","target":{"@type":"EntryPoint","urlTemplate":"https:\/\/idelosan.com\/?s={search_term_string}"},"query-input":{"@type":"PropertyValueSpecification","valueRequired":true,"valueName":"search_term_string"}}],"inLanguage":"es"},{"@type":["Person","Organization"],"@id":"https:\/\/idelosan.com\/#\/schema\/person\/a31effc0ec3a561cc65b2e3a7531d304","name":"Idelosan","image":{"@type":"ImageObject","inLanguage":"es","@id":"https:\/\/idelosan.com\/#\/schema\/person\/image\/","url":"http:\/\/idelosan.com\/wp-content\/uploads\/2022\/03\/perfil-ESCRITOR-con-logo-transp-png-1-e1649415838775.png","contentUrl":"http:\/\/idelosan.com\/wp-content\/uploads\/2022\/03\/perfil-ESCRITOR-con-logo-transp-png-1-e1649415838775.png","width":250,"height":250,"caption":"Idelosan"},"logo":{"@id":"https:\/\/idelosan.com\/#\/schema\/person\/image\/"},"description":"Soy Iv\u00e1n de los \u00c1ngeles Company, de acr\u00f3nimo Idelosan, y aspiro a impactar al mundo con mis historias de acci\u00f3n, romance, terror o fantas\u00eda. \"Literatura de choque\" es el eslogan que me define.","sameAs":["http:\/\/idelosan.com","https:\/\/www.facebook.com\/Idelosanescritor\/","https:\/\/www.instagram.com\/idelosan"]}]}},"_links":{"self":[{"href":"https:\/\/idelosan.com\/index.php?rest_route=\/wp\/v2\/pages\/100","targetHints":{"allow":["GET"]}}],"collection":[{"href":"https:\/\/idelosan.com\/index.php?rest_route=\/wp\/v2\/pages"}],"about":[{"href":"https:\/\/idelosan.com\/index.php?rest_route=\/wp\/v2\/types\/page"}],"author":[{"embeddable":true,"href":"https:\/\/idelosan.com\/index.php?rest_route=\/wp\/v2\/users\/1"}],"replies":[{"embeddable":true,"href":"https:\/\/idelosan.com\/index.php?rest_route=%2Fwp%2Fv2%2Fcomments&post=100"}],"version-history":[{"count":2,"href":"https:\/\/idelosan.com\/index.php?rest_route=\/wp\/v2\/pages\/100\/revisions"}],"predecessor-version":[{"id":142,"href":"https:\/\/idelosan.com\/index.php?rest_route=\/wp\/v2\/pages\/100\/revisions\/142"}],"wp:attachment":[{"href":"https:\/\/idelosan.com\/index.php?rest_route=%2Fwp%2Fv2%2Fmedia&parent=100"}],"curies":[{"name":"wp","href":"https:\/\/api.w.org\/{rel}","templated":true}]}}